{"id":4013,"date":"2021-09-17T11:28:41","date_gmt":"2021-09-17T11:28:41","guid":{"rendered":"https:\/\/euskarakirolkide.eus\/proyecto\/"},"modified":"2024-06-21T10:55:55","modified_gmt":"2024-06-21T10:55:55","slug":"proyecto","status":"publish","type":"page","link":"https:\/\/euskarakirolkide.eus\/es\/proyecto\/","title":{"rendered":"Proyecto"},"content":{"rendered":"\n<h2 class=\"wp-block-heading has-text-align-center\" id=\"kirola-eta-euskara-bat-eginik-salbuespenak-salbuespen-bikote-ezinezkoa-agertu-da-sarritan-hortik-saiakera-euskara-kirolaren-bidaide-bilakatzeko-haur-eta-gazteen-aisialdian-euskara-ere-parte-garrantzitsua-izateko-alegia\" style=\"font-size:25px\">\u00bfDeporte y euskera unidos? Salvo excepciones, generalmente ha resultado ser un binomio imposible. De ah\u00ed el intento por convertir el euskera en compa\u00f1ero de viaje del deporte, para que tambi\u00e9n el euskera sea una parte importante del <strong>tiempo libre de ni\u00f1as\/os y j\u00f3venes<\/strong>.<\/h2>\n\n<div style=\"height:15px\" aria-hidden=\"true\" class=\"wp-block-spacer\"><\/div>\n\n<div class=\"wp-block-columns is-layout-flex wp-container-core-columns-is-layout-28f84493 wp-block-columns-is-layout-flex\">\n<div class=\"wp-block-column is-layout-flow wp-block-column-is-layout-flow\" style=\"flex-basis:100%\">\n<div class=\"wp-block-columns is-layout-flex wp-container-core-columns-is-layout-28f84493 wp-block-columns-is-layout-flex\">\n<div class=\"wp-block-column is-layout-flow wp-block-column-is-layout-flow\" style=\"flex-basis:100%\">\n<div class=\"wp-block-group is-layout-flow wp-block-group-is-layout-flow\">\n<figure class=\"wp-block-gallery has-nested-images columns-2 wp-block-gallery-1 is-layout-flex wp-block-gallery-is-layout-flex\">\n<figure class=\"wp-block-image size-large\"><img fetchpriority=\"high\" decoding=\"async\" width=\"1024\" height=\"768\" data-id=\"1754\" src=\"https:\/\/euskarakirolkide.eus\/wp-content\/uploads\/2021\/10\/uda-aretxabaleta-karate-entrenamendua-1024x768.jpg\" alt=\"\" class=\"wp-image-1754\" srcset=\"https:\/\/euskarakirolkide.eus\/wp-content\/uploads\/2021\/10\/uda-aretxabaleta-karate-entrenamendua-1024x768.jpg 1024w, https:\/\/euskarakirolkide.eus\/wp-content\/uploads\/2021\/10\/uda-aretxabaleta-karate-entrenamendua-300x225.jpg 300w, https:\/\/euskarakirolkide.eus\/wp-content\/uploads\/2021\/10\/uda-aretxabaleta-karate-entrenamendua-768x576.jpg 768w, https:\/\/euskarakirolkide.eus\/wp-content\/uploads\/2021\/10\/uda-aretxabaleta-karate-entrenamendua-1536x1152.jpg 1536w, https:\/\/euskarakirolkide.eus\/wp-content\/uploads\/2021\/10\/uda-aretxabaleta-karate-entrenamendua-2048x1536.jpg 2048w, https:\/\/euskarakirolkide.eus\/wp-content\/uploads\/2021\/10\/uda-aretxabaleta-karate-entrenamendua-1568x1176.jpg 1568w\" sizes=\"(max-width: 1024px) 100vw, 1024px\" \/><\/figure>\n\n\n\n<figure class=\"wp-block-image size-large\"><img decoding=\"async\" width=\"1024\" height=\"798\" data-id=\"1751\" src=\"https:\/\/euskarakirolkide.eus\/wp-content\/uploads\/2021\/10\/gernika-rt-entrenamenduan-1024x798.jpg\" alt=\"\" class=\"wp-image-1751\" srcset=\"https:\/\/euskarakirolkide.eus\/wp-content\/uploads\/2021\/10\/gernika-rt-entrenamenduan-1024x798.jpg 1024w, https:\/\/euskarakirolkide.eus\/wp-content\/uploads\/2021\/10\/gernika-rt-entrenamenduan-300x234.jpg 300w, https:\/\/euskarakirolkide.eus\/wp-content\/uploads\/2021\/10\/gernika-rt-entrenamenduan-768x599.jpg 768w, https:\/\/euskarakirolkide.eus\/wp-content\/uploads\/2021\/10\/gernika-rt-entrenamenduan-1536x1198.jpg 1536w, https:\/\/euskarakirolkide.eus\/wp-content\/uploads\/2021\/10\/gernika-rt-entrenamenduan-2048x1597.jpg 2048w, https:\/\/euskarakirolkide.eus\/wp-content\/uploads\/2021\/10\/gernika-rt-entrenamenduan-1568x1223.jpg 1568w\" sizes=\"(max-width: 1024px) 100vw, 1024px\" \/><\/figure>\n\n\n\n<figure class=\"wp-block-image size-large\"><img decoding=\"async\" width=\"1024\" height=\"631\" data-id=\"1752\" src=\"https:\/\/euskarakirolkide.eus\/wp-content\/uploads\/2021\/10\/judizmendi-ik-taldea-bilduta-1024x631.jpg\" alt=\"\" class=\"wp-image-1752\" srcset=\"https:\/\/euskarakirolkide.eus\/wp-content\/uploads\/2021\/10\/judizmendi-ik-taldea-bilduta-1024x631.jpg 1024w, https:\/\/euskarakirolkide.eus\/wp-content\/uploads\/2021\/10\/judizmendi-ik-taldea-bilduta-300x185.jpg 300w, https:\/\/euskarakirolkide.eus\/wp-content\/uploads\/2021\/10\/judizmendi-ik-taldea-bilduta-768x473.jpg 768w, https:\/\/euskarakirolkide.eus\/wp-content\/uploads\/2021\/10\/judizmendi-ik-taldea-bilduta.jpg 1050w\" sizes=\"(max-width: 1024px) 100vw, 1024px\" \/><\/figure>\n\n\n\n<figure class=\"wp-block-image size-large\"><img loading=\"lazy\" decoding=\"async\" width=\"1024\" height=\"768\" data-id=\"1753\" src=\"https:\/\/euskarakirolkide.eus\/wp-content\/uploads\/2021\/10\/uda-aretxabaleta-futbola-entrenamendua-1024x768.jpg\" alt=\"\" class=\"wp-image-1753\" srcset=\"https:\/\/euskarakirolkide.eus\/wp-content\/uploads\/2021\/10\/uda-aretxabaleta-futbola-entrenamendua-1024x768.jpg 1024w, https:\/\/euskarakirolkide.eus\/wp-content\/uploads\/2021\/10\/uda-aretxabaleta-futbola-entrenamendua-300x225.jpg 300w, https:\/\/euskarakirolkide.eus\/wp-content\/uploads\/2021\/10\/uda-aretxabaleta-futbola-entrenamendua-768x576.jpg 768w, https:\/\/euskarakirolkide.eus\/wp-content\/uploads\/2021\/10\/uda-aretxabaleta-futbola-entrenamendua-1536x1152.jpg 1536w, https:\/\/euskarakirolkide.eus\/wp-content\/uploads\/2021\/10\/uda-aretxabaleta-futbola-entrenamendua-2048x1536.jpg 2048w, https:\/\/euskarakirolkide.eus\/wp-content\/uploads\/2021\/10\/uda-aretxabaleta-futbola-entrenamendua-1568x1176.jpg 1568w\" sizes=\"(max-width: 1024px) 100vw, 1024px\" \/><\/figure>\n<\/figure>\n<\/div>\n<\/div>\n<\/div>\n<\/div>\n<\/div>\n\n<div style=\"height:15px\" aria-hidden=\"true\" class=\"wp-block-spacer\"><\/div>\n\n<div class=\"wp-block-columns is-layout-flex wp-container-core-columns-is-layout-28f84493 wp-block-columns-is-layout-flex\">\n<div class=\"wp-block-column is-layout-flow wp-block-column-is-layout-flow\" style=\"flex-basis:80%\">\n<p class=\"has-drop-cap has-text-align-justify\" style=\"font-size:18px\">En euskera, se hace referencia al deporte utilizando la palabra \u201cjoko\u201d&#8230; o \u201cjolas\u201d. En opini\u00f3n de Johan Huizinga (2008), a trav\u00e9s del juego nos ale-jamos de la rutina y del d\u00eda a d\u00eda, y nos sumergimos en otro mundo, donde (casi) todo es posible. <\/p>\n<\/div>\n\n\n\n<div class=\"wp-block-column is-layout-flow wp-block-column-is-layout-flow\" style=\"flex-basis:33.33%\">\n<p class=\"has-link-color wp-elements-d0e4ca81373cb35e1446504d84f470e3\" style=\"font-size:14px\">El proyecto <strong><a rel=\"noreferrer noopener\" href=\"https:\/\/www.ccma.cat\/tv3\/alacarta\/tot-un-mon\/maisha-caminar-amb-orgull\/video\/5631130\/\" target=\"_blank\">Ma\u2019isah<\/a><\/strong> habla de las opcio-nes que se abren a trav\u00e9s del deporte.<\/p>\n<\/div>\n<\/div>\n\n<h3 class=\"wp-block-heading\" id=\"aurrekariak-d-ereduko-kirola\">Antecedentes: D ereduko kirola<\/h3>\n<\/p>\n\n<div class=\"wp-block-columns is-layout-flex wp-container-core-columns-is-layout-28f84493 wp-block-columns-is-layout-flex\">\n<div class=\"wp-block-column is-layout-flow wp-block-column-is-layout-flow\" style=\"flex-basis:100%\">\n<h2 class=\"wp-block-heading has-text-align-center\" id=\"nolako-aukerak-dituzte-gaur-egungo-12-eta-16-urte-arteko-haurrek-eta-gazteek-euren-bizitza-euskaraz-egiteko-gehienei-eskolak-eskaintzen-die-euskaraz-aritzeko-esparru-bat-baina-hortik-kanpo\" style=\"font-size:25px\">Qu\u00e9 opciones tiene hoy la poblaci\u00f3n infantil y juvenil de 12-16 a\u00f1os para \u201cvivir\u201d en euskera? A la mayor\u00eda, la escuela les ofrece un espacio para expresarse en euskera, pero, \u00bfqu\u00e9 sucede fuera de ese \u00e1mbito? <\/h2>\n<\/div>\n<\/div>\n\n<div class=\"wp-block-columns is-layout-flex wp-container-core-columns-is-layout-28f84493 wp-block-columns-is-layout-flex\">\n<div class=\"wp-block-column is-layout-flow wp-block-column-is-layout-flow\" style=\"flex-basis:80%\">\n<p class=\"has-drop-cap has-text-align-justify\" style=\"font-size:18px\">Estas preguntas fueron el punto de partida del proyecto de <strong>investigaci\u00f3n-acci\u00f3n<\/strong> <strong><em>D ereduko kirola,<\/em><\/strong> puesto en marcha en 2016. Entonces, se llev\u00f3 a cabo un estudio in situ, interviniendo en los propios clubes, hablando con entrenadoras\/es y j\u00f3venes jugadoras\/es, y observando de primera mano el ambiente y las din\u00e1mi-cas de los clubes. Al final, se trataba de acercarnos a los espacios deportivos y co-nocer de cerca las vivencias de ni\u00f1as\/os y j\u00f3venes deportistas. <\/p>\n<\/div>\n\n\n\n<div class=\"wp-block-column is-layout-flow wp-block-column-is-layout-flow\" style=\"flex-basis:33.33%\">\n<p class=\"has-link-color wp-elements-cc10d1ef495a1f074402e9903cea6e4c\" style=\"font-size:14px\">A lo largo de tres a\u00f1os, compartimos cancha, front\u00f3n o campo de f\u00fatbol con todas\/os ellas\/os. Ver <strong><a href=\"https:\/\/vimeo.com\/326605468\">v\u00eddeo<\/a><\/strong>.<\/p>\n<\/div>\n<\/div>\n\n<div class=\"wp-block-columns is-layout-flex wp-container-core-columns-is-layout-28f84493 wp-block-columns-is-layout-flex\">\n<div class=\"wp-block-column is-layout-flow wp-block-column-is-layout-flow\" style=\"flex-basis:80%\">\n<p class=\"has-text-align-justify\" style=\"font-size:18px\">Esta investigaci\u00f3n denominada <em>D ereduko kirola<\/em> se desarroll\u00f3 entre 2016 y 2018. Posteriormente, a la vista de los resultados obtenidos, se decidi\u00f3 seguir avanzando en esta l\u00ednea de trabajo, tanto en el \u00e1mbito de la investigaci\u00f3n y la producci\u00f3n te\u00f3rica, como en la dimensi\u00f3n aplicada, siempre tomando como base la triada <strong><em>juventud-deporte-euskera<\/em><\/strong>. <\/p>\n<\/div>\n\n\n\n<div class=\"wp-block-column is-layout-flow wp-block-column-is-layout-flow\" style=\"flex-basis:33.33%\">\n<p class=\"has-link-color wp-elements-b3b51f81b145e031a9b2189e3772dbae\" style=\"font-size:14px\">Si deseas leer el informe resumen, haz clic <a rel=\"noreferrer noopener\" href=\"https:\/\/soziolinguistika.eus\/eu\/argitalpenak\/d-ereduko-kirola-ikerketa-ekintza-proiektua-2016-2018-laburpena\/\" target=\"_blank\"><strong>aqu\u00ed<\/strong><\/a>. <\/p>\n\n\n\n<p class=\"has-link-color wp-elements-705c826bc4f3268b309fabc2edd76f82\" style=\"font-size:14px\">Informe completo de la investigaci\u00f3n de 2016 <a href=\"https:\/\/soziolinguistika.eus\/wp-content\/uploads\/2021\/10\/D-ereduko-kirola-2016-IKERKETA-TXOSTENA-1.pdf\" target=\"_blank\" rel=\"noreferrer noopener\"><strong>aqu\u00ed<\/strong><\/a> y de 2017 <a href=\"https:\/\/soziolinguistika.eus\/wp-content\/uploads\/2021\/10\/D-EREDUKO-KIROLA-2017-2018-txostena-2018-10-15.pdf\" target=\"_blank\" rel=\"noreferrer noopener\"><strong>aqu\u00ed<\/strong><\/a>. <\/p>\n\n\n\n<p class=\"has-foreground-color has-text-color has-link-color has-small-font-size wp-elements-e40ba940207b8de635024b9b6c2b42c8\"><\/p>\n<\/div>\n<\/div>\n\n<div class=\"wp-block-columns is-layout-flex wp-container-core-columns-is-layout-28f84493 wp-block-columns-is-layout-flex\">\n<div class=\"wp-block-column is-layout-flow wp-block-column-is-layout-flow\" style=\"flex-basis:80%\">\n<p class=\"has-text-align-justify\" style=\"font-size:18px\">2019. A lo largo de 2019, adem\u00e1s de publicar y difundir los resultados del ciclo 2016-2018, se dieron los primeros pasos para su mate-rializaci\u00f3n pr\u00e1ctica. Adem\u00e1s, se trabaj\u00f3 en el dise\u00f1o de un nuevo estudio para el pe-riodo 2020-2022, denominado <em>Euskara Kirolkide<\/em>. <\/p>\n<\/div>\n\n\n\n<div class=\"wp-block-column is-layout-flow wp-block-column-is-layout-flow\" style=\"flex-basis:33.33%\">\n<div class=\"wp-block-file\"><a id=\"wp-block-file--media-5a5b70f1-18bb-4ae7-b21a-91be17af85ae\" href=\"https:\/\/euskarakirolkide.eus\/wp-content\/uploads\/2021\/10\/2020-2022-egitasmoa_definizio-txostena-1.pdf\" target=\"_blank\" rel=\"noreferrer noopener\">Dise\u00f1o de la investigaci\u00f3n: 2020-2022<\/a><a href=\"https:\/\/euskarakirolkide.eus\/wp-content\/uploads\/2021\/10\/2020-2022-egitasmoa_definizio-txostena-1.pdf\" class=\"wp-block-file__button wp-element-button\" download=\"\" aria-describedby=\"wp-block-file--media-5a5b70f1-18bb-4ae7-b21a-91be17af85ae\">Descargar<\/a><\/div>\n<\/div>\n<\/div>\n\n<h3 class=\"wp-block-heading\" id=\"euskara-kirolkide-helburuak\"><em>Euskara Kirolkide<\/em>: objetivos<\/h3>\n\n<h2 class=\"wp-block-heading has-text-align-center\" id=\"helburu-nagusia-gazteak-kirola-euskara-hirukotean-sakontzen-jarraitzea-da-bertan-modu-eraginkorrago-batean-jarduteko-zeregin-horretan-aurreko-fasean-bildutako-ondorioak-izan-dira-abiapuntua-horien-artean-kluba-euskararen-babesgune-gisa-aritzeko-ahalmena-azpimarratuko-genuke\" style=\"font-size:25px\">El objetivo principal es seguir profundizando en la triada juventud-deporte-euskera,<em> <\/em>de cara a poder incidir en la misma de un modo m\u00e1s eficaz. En esta labor, el punto de partida han sido las conclusiones extra\u00eddas de la fase anterior, y que llamaban la atenci\u00f3n sobre el potencial de los clubes para generar <strong>entornos de confianza orientados a la promoci\u00f3n de la presencia y el uso del euskera.<\/strong> <\/h2>\n\n<div class=\"wp-block-columns is-layout-flex wp-container-core-columns-is-layout-28f84493 wp-block-columns-is-layout-flex\">\n<div class=\"wp-block-column is-layout-flow wp-block-column-is-layout-flow\" style=\"flex-basis:80%\">\n<p class=\"has-drop-cap has-text-align-justify\" style=\"font-size:18px\">El objetivo principal de <em>Euskara Kirolkide<\/em> es definir el club como un lugar seguro para el euskera; esto es, como un espacio de deporte-ocio generador, adem\u00e1s, de un entorno de confianza para el euskera. Una definici\u00f3n que pretende incluir propuestas, materiales e instrumentos para su aplicaci\u00f3n.<\/p>\n<\/div>\n\n\n\n<div class=\"wp-block-column is-layout-flow wp-block-column-is-layout-flow\" style=\"flex-basis:33.33%\">\n<figure class=\"wp-block-image aligncenter size-large is-resized\"><img loading=\"lazy\" decoding=\"async\" width=\"1299\" height=\"1299\" src=\"https:\/\/euskarakirolkide.eus\/wp-content\/uploads\/2021\/10\/d-e5.png?w=1024\" alt=\"\" class=\"wp-image-1943\" style=\"width:109px;height:109px\" srcset=\"https:\/\/euskarakirolkide.eus\/wp-content\/uploads\/2021\/10\/d-e5.png 1299w, https:\/\/euskarakirolkide.eus\/wp-content\/uploads\/2021\/10\/d-e5-300x300.png 300w, https:\/\/euskarakirolkide.eus\/wp-content\/uploads\/2021\/10\/d-e5-1024x1024.png 1024w, https:\/\/euskarakirolkide.eus\/wp-content\/uploads\/2021\/10\/d-e5-150x150.png 150w, https:\/\/euskarakirolkide.eus\/wp-content\/uploads\/2021\/10\/d-e5-768x768.png 768w\" sizes=\"(max-width: 1299px) 100vw, 1299px\" \/><\/figure>\n<\/div>\n<\/div>\n\n<div class=\"wp-block-columns is-layout-flex wp-container-core-columns-is-layout-28f84493 wp-block-columns-is-layout-flex\">\n<div class=\"wp-block-column is-layout-flow wp-block-column-is-layout-flow\" style=\"flex-basis:80%\">\n<p class=\"has-text-align-justify\" style=\"font-size:18px\">Las personas j\u00f3venes pueden encontrar en los clubes deportivos condiciones estimulantes para el uso del euskera: actividades que les motivan, un ambiente cercano, colaboraci\u00f3n, amistad, respeto, un espacio de aprendizaje&#8230; Asimismo, el euskera puede ayudar a crear y\/o fortalecer el equipo. De este modo, el deporte constituir\u00eda un <strong>puente <\/strong> entre la escuela y la calle, incidiendo en el <strong>proceso de socializaci\u00f3n<\/strong> y aprendizaje en euskera de los j\u00f3venes hablantes.<\/p>\n<\/div>\n\n\n\n<div class=\"wp-block-column is-layout-flow wp-block-column-is-layout-flow\" style=\"flex-basis:33.33%\">\n<p class=\"has-link-color wp-elements-fc40d7df3ecbed98ec7373ee8dcf55a0\" style=\"font-size:14px\"><a rel=\"noreferrer noopener\" href=\"https:\/\/www.youtube.com\/watch?v=owKn-Y49Yps\" target=\"_blank\"><strong>Na Gaeil \u00d3ga<\/strong><\/a>, club deportivo creado para hablar en ga\u00e9lico irland\u00e9s.<\/p>\n<\/div>\n<\/div>\n\n<div class=\"wp-block-columns is-layout-flex wp-container-core-columns-is-layout-28f84493 wp-block-columns-is-layout-flex\">\n<div class=\"wp-block-column is-layout-flow wp-block-column-is-layout-flow\" style=\"flex-basis:80%\">\n<p class=\"has-text-align-justify\" style=\"font-size:18px\">La idea de espacio o entorno seguro es clave en el proyecto <em>Euskara Kirolkide<\/em>. Hemos estado trabajando en su definici\u00f3n, y lo seguimos haciendo. Una caracterizaci\u00f3n en la que toman parte tres elementos:<\/p>\n<\/div>\n\n\n\n<div class=\"wp-block-column is-layout-flow wp-block-column-is-layout-flow\" style=\"flex-basis:33.33%\">\n<p class=\"has-foreground-color has-text-color has-link-color wp-elements-850a3d5c895d10128daaa42f496e3e58\" style=\"font-size:14px\">Puedes leer aqu\u00ed el art\u00edculo \u201c<a href=\"https:\/\/bat.soziolinguistika.eus\/eu\/produktua\/babesguneak-euskal-hiztun-gazteak-aktibatzeko-aukera\/\" target=\"_blank\" rel=\"noreferrer noopener\"><strong><em>Babesguneak: euskal hiztun gazteak aktibatzeko aukera<\/em><\/strong><\/a>\u201d. <\/p>\n<\/div>\n<\/div>\n\n<h4 class=\"wp-block-heading has-text-align-left\" id=\"taldea-harremanak\"><em><strong>Grupo, relaciones<\/strong><\/em><\/h4>\n\n<div class=\"wp-block-columns is-layout-flex wp-container-core-columns-is-layout-28f84493 wp-block-columns-is-layout-flex\">\n<div class=\"wp-block-column is-layout-flow wp-block-column-is-layout-flow\">\n<p class=\"has-text-align-justify\" style=\"font-size:18px\">Rosemary Clark-Parson (2018, 2130) define la idea de espacio seguro como un trabajo relacional, un trabajo de interacci\u00f3n (relational work). Una descripci\u00f3n similar a la propuesta por Miren Guill\u00f3 desde el punto de vista de la antropolog\u00eda feminista (Guill\u00f3 2020, 134): <\/p>\n<\/div>\n<\/div>\n\n<div class=\"wp-block-columns is-layout-flex wp-container-core-columns-is-layout-28f84493 wp-block-columns-is-layout-flex\">\n<div class=\"wp-block-column is-layout-flow wp-block-column-is-layout-flow\" style=\"flex-basis:100%\">\n<blockquote class=\"wp-block-quote is-layout-flow wp-block-quote-is-layout-flow\" style=\"font-size:22px\">\n<p>\u00abdesignar un espacio como seguro tiene que ver con la forma de estar en ese grupo: no juzgar las opiniones de los dem\u00e1s; escuchar con respeto; crear espacios de empoderamiento mutuo; b\u00e1sicamente, consistir\u00eda en actuar de forma tranquila, libre y responsable\u00bb.<\/p>\n<\/blockquote>\n<\/div>\n<\/div>\n\n<p class=\"has-text-align-justify\" style=\"font-size:18px\"><strong>Relaciones, grupo y formas de estar<\/strong>, ser\u00edan tres condiciones para fijar las bases de un entorno de confianza.<\/p>\n\n<div class=\"wp-block-columns is-layout-flex wp-container-core-columns-is-layout-28f84493 wp-block-columns-is-layout-flex\">\n<div class=\"wp-block-column is-layout-flow wp-block-column-is-layout-flow\">\n<figure class=\"wp-block-embed is-type-video is-provider-vimeo wp-block-embed-vimeo wp-embed-aspect-16-9 wp-has-aspect-ratio\"><div class=\"wp-block-embed__wrapper\">\n<iframe title=\"Judizmendi IK - entrenatzailearen azalpena taldeari\" src=\"https:\/\/player.vimeo.com\/video\/592113322?h=b786f82dce&amp;dnt=1&amp;app_id=122963\" width=\"500\" height=\"281\" frameborder=\"0\" allow=\"autoplay; fullscreen; picture-in-picture; clipboard-write\"><\/iframe>\n<\/div><\/figure>\n<\/div>\n\n\n\n<div class=\"wp-block-column is-layout-flow wp-block-column-is-layout-flow\">\n<figure class=\"wp-block-embed is-type-video is-provider-vimeo wp-block-embed-vimeo wp-embed-aspect-16-9 wp-has-aspect-ratio\"><div class=\"wp-block-embed__wrapper\">\n<iframe title=\"SD Amorebieta - igoera ospatzen\" src=\"https:\/\/player.vimeo.com\/video\/592104243?h=58c483bf26&amp;dnt=1&amp;app_id=122963\" width=\"500\" height=\"281\" frameborder=\"0\" allow=\"autoplay; fullscreen; picture-in-picture; clipboard-write\"><\/iframe>\n<\/div><\/figure>\n<\/div>\n<\/div>\n\n<h4 class=\"wp-block-heading\" id=\"partehartzea-saiatzea\"><em><strong>Participaci\u00f3n, esfuerzo<\/strong><\/em><\/h4>\n\n<p class=\"has-text-align-justify\" style=\"font-size:18px\">Un espacio seguro no es algo que nos venga dado, sino que debe construirse a trav\u00e9s de la pr\u00e1ctica y la iniciativa. Hay que constituir el grupo, y en esa labor de \u201ccreaci\u00f3n\u201d radica otra de sus facultades, porque ese trabajo queda en manos de las personas miembros del grupo. Esto da margen para la creatividad y el riesgo, asumiendo la capacidad de decisi\u00f3n de miembros y hablantes. Las personas somos seres y hablantes imperfectos, y dentro del grupo podemos mostrarnos como tales, porque existe un <strong>clima de confianza<\/strong>, porque es un <strong>marco para la pr\u00e1ctica<\/strong> donde, adem\u00e1s, se favorece la <strong>asunci\u00f3n de riesgos<\/strong>.<\/p>\n\n<div class=\"wp-block-columns is-layout-flex wp-container-core-columns-is-layout-28f84493 wp-block-columns-is-layout-flex\">\n<div class=\"wp-block-column is-layout-flow wp-block-column-is-layout-flow\">\n<figure class=\"wp-block-embed is-type-video is-provider-vimeo wp-block-embed-vimeo wp-embed-aspect-16-9 wp-has-aspect-ratio\"><div class=\"wp-block-embed__wrapper\">\n<iframe title=\"Bera Bera RT - tiroak atezainari\" src=\"https:\/\/player.vimeo.com\/video\/592116628?h=ef64d4ffe8&amp;dnt=1&amp;app_id=122963\" width=\"500\" height=\"281\" frameborder=\"0\" allow=\"autoplay; fullscreen; picture-in-picture; clipboard-write\"><\/iframe>\n<\/div><\/figure>\n<\/div>\n\n\n\n<div class=\"wp-block-column is-layout-flow wp-block-column-is-layout-flow\">\n<figure class=\"wp-block-embed is-type-video is-provider-vimeo wp-block-embed-vimeo wp-embed-aspect-16-9 wp-has-aspect-ratio\"><div class=\"wp-block-embed__wrapper\">\n<iframe title=\"UDA Aretxabaleta - ariketak taldean\" src=\"https:\/\/player.vimeo.com\/video\/592117665?h=8967c0de1c&amp;dnt=1&amp;app_id=122963\" width=\"500\" height=\"281\" frameborder=\"0\" allow=\"autoplay; fullscreen; picture-in-picture; clipboard-write\"><\/iframe>\n<\/div><\/figure>\n<\/div>\n<\/div>\n\n<h4 class=\"wp-block-heading\" id=\"prozesu-partekatua-lagunduta\"><em><strong>Proceso compartido, acompa\u00f1ado<\/strong><\/em><\/h4>\n\n<p class=\"has-text-align-justify\" style=\"font-size:18px\">El club y los entornos de confianza han emergido en la investigaci\u00f3n como un continuum, como pasos de un proceso transformador (Hunter 2008, 16). En este <strong>proceso de aprendizaje<\/strong> que albergan los espacios seguros puede ocurrir que no todas\/os tengan los mismos objetivos. Es por ello por lo que permiten experimentar y vivir las diferentes formas de ser hablante de euskera; un aspecto que abrir\u00eda nuevas oportunidades y retos a la socioling\u00fc\u00edstica (vasca).<\/p>\n\n<div class=\"wp-block-columns is-layout-flex wp-container-core-columns-is-layout-28f84493 wp-block-columns-is-layout-flex\">\n<div class=\"wp-block-column is-layout-flow wp-block-column-is-layout-flow\">\n<figure class=\"wp-block-embed is-type-video is-provider-vimeo wp-block-embed-vimeo wp-embed-aspect-16-9 wp-has-aspect-ratio\"><div class=\"wp-block-embed__wrapper\">\n<iframe title=\"Gernika RT - 73tik aldaketa asko\" src=\"https:\/\/player.vimeo.com\/video\/592121586?h=237b0f1bf4&amp;dnt=1&amp;app_id=122963\" width=\"500\" height=\"281\" frameborder=\"0\" allow=\"autoplay; fullscreen; picture-in-picture; clipboard-write\"><\/iframe>\n<\/div><\/figure>\n<\/div>\n\n\n\n<div class=\"wp-block-column is-layout-flow wp-block-column-is-layout-flow\">\n<figure class=\"wp-block-embed is-type-video is-provider-vimeo wp-block-embed-vimeo wp-embed-aspect-16-9 wp-has-aspect-ratio\"><div class=\"wp-block-embed__wrapper\">\n<iframe title=\"Gaztedi RT - euskara eztabaidagai\" src=\"https:\/\/player.vimeo.com\/video\/592119178?h=1b0ab7bcab&amp;dnt=1&amp;app_id=122963\" width=\"500\" height=\"281\" frameborder=\"0\" allow=\"autoplay; fullscreen; picture-in-picture; clipboard-write\"><\/iframe>\n<\/div><\/figure>\n<\/div>\n<\/div>\n\n<div style=\"height:50px\" aria-hidden=\"true\" class=\"wp-block-spacer\"><\/div>\n","protected":false},"excerpt":{"rendered":"<p>\u00bfDeporte y euskera unidos? Salvo excepciones, generalmente ha resultado ser un binomio imposible. De ah\u00ed el intento por convertir el euskera en compa\u00f1ero de viaje del deporte, para que tambi\u00e9n el euskera sea una parte importante del tiempo libre de ni\u00f1as\/os y j\u00f3venes. En euskera, se hace referencia al deporte utilizando la palabra \u201cjoko\u201d&#8230; o [&hellip;]<\/p>\n","protected":false},"author":2,"featured_media":0,"parent":0,"menu_order":0,"comment_status":"closed","ping_status":"closed","template":"","meta":{"footnotes":""},"class_list":["post-4013","page","type-page","status-publish","hentry"],"_links":{"self":[{"href":"https:\/\/euskarakirolkide.eus\/es\/wp-json\/wp\/v2\/pages\/4013","targetHints":{"allow":["GET"]}}],"collection":[{"href":"https:\/\/euskarakirolkide.eus\/es\/wp-json\/wp\/v2\/pages"}],"about":[{"href":"https:\/\/euskarakirolkide.eus\/es\/wp-json\/wp\/v2\/types\/page"}],"author":[{"embeddable":true,"href":"https:\/\/euskarakirolkide.eus\/es\/wp-json\/wp\/v2\/users\/2"}],"replies":[{"embeddable":true,"href":"https:\/\/euskarakirolkide.eus\/es\/wp-json\/wp\/v2\/comments?post=4013"}],"version-history":[{"count":1,"href":"https:\/\/euskarakirolkide.eus\/es\/wp-json\/wp\/v2\/pages\/4013\/revisions"}],"predecessor-version":[{"id":4015,"href":"https:\/\/euskarakirolkide.eus\/es\/wp-json\/wp\/v2\/pages\/4013\/revisions\/4015"}],"wp:attachment":[{"href":"https:\/\/euskarakirolkide.eus\/es\/wp-json\/wp\/v2\/media?parent=4013"}],"curies":[{"name":"wp","href":"https:\/\/api.w.org\/{rel}","templated":true}]}}