{"id":3938,"date":"2021-09-06T12:03:22","date_gmt":"2021-09-06T12:03:22","guid":{"rendered":"https:\/\/euskarakirolkide.eus\/proceso-de-institucionalizacion\/"},"modified":"2024-06-14T10:16:11","modified_gmt":"2024-06-14T10:16:11","slug":"proceso-de-institucionalizacion","status":"publish","type":"page","link":"https:\/\/euskarakirolkide.eus\/es\/proceso-de-institucionalizacion\/","title":{"rendered":"Proceso de institucionalizaci\u00f3n"},"content":{"rendered":"\n<div class=\"wp-block-columns is-layout-flex wp-container-core-columns-is-layout-28f84493 wp-block-columns-is-layout-flex\">\n<div class=\"wp-block-column is-layout-flow wp-block-column-is-layout-flow\" style=\"flex-basis:100%\">\n<figure class=\"wp-block-embed is-type-video is-provider-vimeo wp-block-embed-vimeo wp-embed-aspect-16-9 wp-has-aspect-ratio\"><div class=\"wp-block-embed__wrapper\">\n<iframe title=\"UDA Aretxabaleta - bileretako lana\" src=\"https:\/\/player.vimeo.com\/video\/601208609?h=ba545b9d2f&amp;dnt=1&amp;app_id=122963\" width=\"500\" height=\"281\" frameborder=\"0\" allow=\"autoplay; fullscreen; picture-in-picture; clipboard-write\"><\/iframe>\n<\/div><\/figure>\n\n\n\n<p class=\"has-drop-cap has-text-align-justify\" style=\"font-size:18px\"><span class=\"uppercase\">El club <\/span> puede ser <strong>sentimiento<\/strong>, orgullo (pertenencia), esp\u00edritu. Pero es sobre todo <strong>organizaci\u00f3n, gesti\u00f3n<\/strong>. Se necesitan muchas horas de trabajo: coordinaci\u00f3n, reuniones y asambleas tambi\u00e9n forman parte del club. La adrenalina que generan las competiciones, las victorias o las frustraciones es fundamental, pero no suficiente para mantener el club. El d\u00eda a d\u00eda, el <strong>trabajo invisible<\/strong>, es lo que lo sustenta: gesti\u00f3n del presupuesto, planificaci\u00f3n de la cancha, cuidado del material&#8230; La coordinaci\u00f3n y el reparto de tareas son aspectos claves.<\/p>\n<\/div>\n<\/div>\n\n<p class=\"has-text-align-justify\" style=\"font-size:18px\">El club puede tener una \u00fanica secci\u00f3n o varias. En todo caso, habr\u00e1 diferentes equipos: femeninos, masculinos; infantiles, juveniles o senior. Hay que atender a todos y asegurar la <strong>coordinaci\u00f3n<\/strong>. Ocuparse de la din\u00e1mica semanal, y de las rutinas del fin de semana. Planificar la temporada presente, y la siguiente. Inmersas\/os en este c\u00edrculo vicioso de quehaceres, <strong> los momentos \u201cde club\u201d <\/strong> resultan imprescindibles. Son los momentos de aparecer como equipo y celebrar: somos una familia, un grupo de amigas\/os, pero tambi\u00e9n una instituci\u00f3n, un club. Somos un nombre y un s\u00edmbolo. <strong>En la intimidad del vestuario<\/strong>, <strong>en los viajes en autob\u00fas<\/strong>, <strong>en el d\u00eda del club<\/strong>, <strong> en los rituales asociados a las fiestas del pueblo\/ciudad<\/strong>, en carnaval. Son momentos para ser club.  Igualmente, las sedes, oficinas y resto de <strong>espacios propios<\/strong> (campos, bar) son necesarios para la institucionalizaci\u00f3n. Lo mismo que el colectivo de personas socias.<\/p>\n\n<figure class=\"wp-block-embed is-type-video is-provider-vimeo wp-block-embed-vimeo wp-embed-aspect-16-9 wp-has-aspect-ratio\"><div class=\"wp-block-embed__wrapper\">\n<iframe title=\"Klub guztiak - espazioetan barrena\" src=\"https:\/\/player.vimeo.com\/video\/601211612?h=e1a3484228&amp;dnt=1&amp;app_id=122963\" width=\"500\" height=\"281\" frameborder=\"0\" allow=\"autoplay; fullscreen; picture-in-picture; clipboard-write\"><\/iframe>\n<\/div><\/figure>\n\n<p class=\"has-text-align-justify\" style=\"font-size:18px\"><strong>Personas socias<\/strong>: deportistas, entrenadoras\/es y <strong>aficionadas\/os<\/strong>, se pondr\u00e1n la camiseta del club, se vestir\u00e1n con los colores del club, cantar\u00e1n el himno, llenar\u00e1n las gradas. En estos casos, la competici\u00f3n se convierte en un elemento poderoso, generador de una energ\u00eda que, en el d\u00eda a d\u00eda, estructura, organiza y consolida el club. <\/p>\n\n<div class=\"wp-block-columns is-layout-flex wp-container-core-columns-is-layout-28f84493 wp-block-columns-is-layout-flex\">\n<div class=\"wp-block-column is-layout-flow wp-block-column-is-layout-flow\">\n<figure class=\"wp-block-embed is-type-video is-provider-vimeo wp-block-embed-vimeo wp-embed-aspect-16-9 wp-has-aspect-ratio\"><div class=\"wp-block-embed__wrapper\">\n<iframe title=\"UDA Aretxabaleta - bazkide laguntzaileak\" src=\"https:\/\/player.vimeo.com\/video\/601245577?h=19c939d1a3&amp;dnt=1&amp;app_id=122963\" width=\"500\" height=\"281\" frameborder=\"0\" allow=\"autoplay; fullscreen; picture-in-picture; clipboard-write\"><\/iframe>\n<\/div><\/figure>\n<\/div>\n\n\n\n<div class=\"wp-block-column is-layout-flow wp-block-column-is-layout-flow\">\n<figure class=\"wp-block-embed is-type-video is-provider-vimeo wp-block-embed-vimeo wp-embed-aspect-16-9 wp-has-aspect-ratio\"><div class=\"wp-block-embed__wrapper\">\n<iframe title=\"Gernika RT - lehian tenplua eta errituak\" src=\"https:\/\/player.vimeo.com\/video\/599361226?h=b99039c1d3&amp;dnt=1&amp;app_id=122963\" width=\"500\" height=\"281\" frameborder=\"0\" allow=\"autoplay; fullscreen; picture-in-picture; clipboard-write\"><\/iframe>\n<\/div><\/figure>\n<\/div>\n<\/div>\n\n<div style=\"height:50px\" aria-hidden=\"true\" class=\"wp-block-spacer\"><\/div>\n","protected":false},"excerpt":{"rendered":"<p>El club puede ser sentimiento, orgullo (pertenencia), esp\u00edritu. Pero es sobre todo organizaci\u00f3n, gesti\u00f3n. Se necesitan muchas horas de trabajo: coordinaci\u00f3n, reuniones y asambleas tambi\u00e9n forman parte del club. La adrenalina que generan las competiciones, las victorias o las frustraciones es fundamental, pero no suficiente para mantener el club. El d\u00eda a d\u00eda, el trabajo [&hellip;]<\/p>\n","protected":false},"author":2,"featured_media":0,"parent":0,"menu_order":0,"comment_status":"closed","ping_status":"closed","template":"","meta":{"footnotes":""},"class_list":["post-3938","page","type-page","status-publish","hentry"],"_links":{"self":[{"href":"https:\/\/euskarakirolkide.eus\/es\/wp-json\/wp\/v2\/pages\/3938","targetHints":{"allow":["GET"]}}],"collection":[{"href":"https:\/\/euskarakirolkide.eus\/es\/wp-json\/wp\/v2\/pages"}],"about":[{"href":"https:\/\/euskarakirolkide.eus\/es\/wp-json\/wp\/v2\/types\/page"}],"author":[{"embeddable":true,"href":"https:\/\/euskarakirolkide.eus\/es\/wp-json\/wp\/v2\/users\/2"}],"replies":[{"embeddable":true,"href":"https:\/\/euskarakirolkide.eus\/es\/wp-json\/wp\/v2\/comments?post=3938"}],"version-history":[{"count":1,"href":"https:\/\/euskarakirolkide.eus\/es\/wp-json\/wp\/v2\/pages\/3938\/revisions"}],"predecessor-version":[{"id":3940,"href":"https:\/\/euskarakirolkide.eus\/es\/wp-json\/wp\/v2\/pages\/3938\/revisions\/3940"}],"wp:attachment":[{"href":"https:\/\/euskarakirolkide.eus\/es\/wp-json\/wp\/v2\/media?parent=3938"}],"curies":[{"name":"wp","href":"https:\/\/api.w.org\/{rel}","templated":true}]}}