{"id":3909,"date":"2021-08-25T17:09:42","date_gmt":"2021-08-25T17:09:42","guid":{"rendered":"https:\/\/euskarakirolkide.eus\/etnografia-grafica\/"},"modified":"2024-06-14T08:39:35","modified_gmt":"2024-06-14T08:39:35","slug":"etnografia-grafica","status":"publish","type":"page","link":"https:\/\/euskarakirolkide.eus\/es\/etnografia-grafica\/","title":{"rendered":"Etnograf\u00eda gr\u00e1fica"},"content":{"rendered":"\n<p class=\"has-text-align-justify\" style=\"font-size:18px\">Al igual que la literatura puede ser \u201cgr\u00e1fica\u201d (c\u00f3mic), creemos que una investigaci\u00f3n antropol\u00f3gica y etnograf\u00edca tambi\u00e9n se pueden plasmar en im\u00e1genes. Dentro del proyecto <em>Euskara Kirolkide<\/em> hemos querido experimentar en ese sentido, y en este apartado se pueden ver los resultados obtenidos. A trav\u00e9s de una serie de im\u00e1genes, hemos dado cuenta de los resultados de la investigaci\u00f3n, recogiendo y reflejando diferentes aspectos relacionados tanto con el proceso de investigaci\u00f3n como con las conclusiones obtenidas.<\/p>\n\n<figure class=\"wp-block-image alignwide size-full is-style-default\"><a href=\"https:\/\/euskarakirolkide.eus\/wp-content\/uploads\/2021\/12\/gorri-letrekin.png\"><img fetchpriority=\"high\" decoding=\"async\" width=\"2481\" height=\"1755\" src=\"https:\/\/euskarakirolkide.eus\/wp-content\/uploads\/2021\/12\/gorri-letrekin.png\" alt=\"\" class=\"wp-image-2647\" srcset=\"https:\/\/euskarakirolkide.eus\/wp-content\/uploads\/2021\/12\/gorri-letrekin.png 2481w, https:\/\/euskarakirolkide.eus\/wp-content\/uploads\/2021\/12\/gorri-letrekin-300x212.png 300w, https:\/\/euskarakirolkide.eus\/wp-content\/uploads\/2021\/12\/gorri-letrekin-1024x724.png 1024w, https:\/\/euskarakirolkide.eus\/wp-content\/uploads\/2021\/12\/gorri-letrekin-768x543.png 768w, https:\/\/euskarakirolkide.eus\/wp-content\/uploads\/2021\/12\/gorri-letrekin-1536x1087.png 1536w, https:\/\/euskarakirolkide.eus\/wp-content\/uploads\/2021\/12\/gorri-letrekin-2048x1449.png 2048w\" sizes=\"(max-width: 2481px) 100vw, 2481px\" \/><\/a><\/figure>\n\n<div style=\"height:50px\" aria-hidden=\"true\" class=\"wp-block-spacer\"><\/div>\n","protected":false},"excerpt":{"rendered":"<p>Al igual que la literatura puede ser \u201cgr\u00e1fica\u201d (c\u00f3mic), creemos que una investigaci\u00f3n antropol\u00f3gica y etnograf\u00edca tambi\u00e9n se pueden plasmar en im\u00e1genes. Dentro del proyecto Euskara Kirolkide hemos querido experimentar en ese sentido, y en este apartado se pueden ver los resultados obtenidos. A trav\u00e9s de una serie de im\u00e1genes, hemos dado cuenta de los [&hellip;]<\/p>\n","protected":false},"author":2,"featured_media":0,"parent":0,"menu_order":0,"comment_status":"closed","ping_status":"closed","template":"","meta":{"footnotes":""},"class_list":["post-3909","page","type-page","status-publish","hentry"],"_links":{"self":[{"href":"https:\/\/euskarakirolkide.eus\/es\/wp-json\/wp\/v2\/pages\/3909","targetHints":{"allow":["GET"]}}],"collection":[{"href":"https:\/\/euskarakirolkide.eus\/es\/wp-json\/wp\/v2\/pages"}],"about":[{"href":"https:\/\/euskarakirolkide.eus\/es\/wp-json\/wp\/v2\/types\/page"}],"author":[{"embeddable":true,"href":"https:\/\/euskarakirolkide.eus\/es\/wp-json\/wp\/v2\/users\/2"}],"replies":[{"embeddable":true,"href":"https:\/\/euskarakirolkide.eus\/es\/wp-json\/wp\/v2\/comments?post=3909"}],"version-history":[{"count":1,"href":"https:\/\/euskarakirolkide.eus\/es\/wp-json\/wp\/v2\/pages\/3909\/revisions"}],"predecessor-version":[{"id":3911,"href":"https:\/\/euskarakirolkide.eus\/es\/wp-json\/wp\/v2\/pages\/3909\/revisions\/3911"}],"wp:attachment":[{"href":"https:\/\/euskarakirolkide.eus\/es\/wp-json\/wp\/v2\/media?parent=3909"}],"curies":[{"name":"wp","href":"https:\/\/api.w.org\/{rel}","templated":true}]}}