{"id":3906,"date":"2021-10-22T12:58:34","date_gmt":"2021-10-22T12:58:34","guid":{"rendered":"https:\/\/euskarakirolkide.eus\/instrumentos\/"},"modified":"2024-06-14T08:33:32","modified_gmt":"2024-06-14T08:33:32","slug":"instrumentos","status":"publish","type":"page","link":"https:\/\/euskarakirolkide.eus\/es\/instrumentos\/","title":{"rendered":"Instrumentos"},"content":{"rendered":"\n<div class=\"wp-block-columns is-layout-flex wp-container-core-columns-is-layout-28f84493 wp-block-columns-is-layout-flex\">\n<div class=\"wp-block-column is-layout-flow wp-block-column-is-layout-flow\" style=\"flex-basis:50%\">\n<p class=\"has-text-align-justify\" style=\"font-size:18px\">En este apartado se incluyen materiales o propuestas pr\u00e1cticas que pueden utilizar los clubes deportivos para poder convertirse en un entorno de confianza para el euskera. En concreto, se est\u00e1 trabajando desde tres perspectivas:<\/p>\n\n\n\n<ul class=\"wp-block-list\" style=\"font-size:18px\"><li>Equipo directivo del club, direcci\u00f3n o coordinaci\u00f3n deportiva y dem\u00e1s personal voluntario<\/li><li>Entrenadoras\/es<\/li><li>Equipos y jugadoras\/es<\/li><\/ul>\n\n\n\n<p style=\"font-size:18px\">En estos momentos estamos creando las herramientas. Pronto estar\u00e1n disponibles.<\/p>\n<\/div>\n\n\n\n<div class=\"wp-block-column is-layout-flow wp-block-column-is-layout-flow\" style=\"flex-basis:50%\">\n<div class=\"wp-block-image\"><figure class=\"aligncenter size-large is-resized\"><img fetchpriority=\"high\" decoding=\"async\" src=\"https:\/\/euskarakirolkide.eus\/wp-content\/uploads\/2021\/10\/d-e11-800x1024.png\" alt=\"\" class=\"wp-image-1945\" width=\"321\" height=\"410\" srcset=\"https:\/\/euskarakirolkide.eus\/wp-content\/uploads\/2021\/10\/d-e11-800x1024.png 800w, https:\/\/euskarakirolkide.eus\/wp-content\/uploads\/2021\/10\/d-e11-235x300.png 235w, https:\/\/euskarakirolkide.eus\/wp-content\/uploads\/2021\/10\/d-e11-768x982.png 768w, https:\/\/euskarakirolkide.eus\/wp-content\/uploads\/2021\/10\/d-e11-1201x1536.png 1201w, https:\/\/euskarakirolkide.eus\/wp-content\/uploads\/2021\/10\/d-e11-1601x2048.png 1601w, https:\/\/euskarakirolkide.eus\/wp-content\/uploads\/2021\/10\/d-e11-1568x2006.png 1568w, https:\/\/euskarakirolkide.eus\/wp-content\/uploads\/2021\/10\/d-e11.png 1615w\" sizes=\"(max-width: 321px) 100vw, 321px\" \/><\/figure><\/div>\n<\/div>\n<\/div>\n\n<div style=\"height:50px\" aria-hidden=\"true\" class=\"wp-block-spacer\"><\/div>\n","protected":false},"excerpt":{"rendered":"<p>En este apartado se incluyen materiales o propuestas pr\u00e1cticas que pueden utilizar los clubes deportivos para poder convertirse en un entorno de confianza para el euskera. En concreto, se est\u00e1 trabajando desde tres perspectivas: Equipo directivo del club, direcci\u00f3n o coordinaci\u00f3n deportiva y dem\u00e1s personal voluntario Entrenadoras\/es Equipos y jugadoras\/es En estos momentos estamos creando [&hellip;]<\/p>\n","protected":false},"author":2,"featured_media":0,"parent":0,"menu_order":0,"comment_status":"closed","ping_status":"closed","template":"","meta":{"footnotes":""},"class_list":["post-3906","page","type-page","status-publish","hentry"],"_links":{"self":[{"href":"https:\/\/euskarakirolkide.eus\/es\/wp-json\/wp\/v2\/pages\/3906","targetHints":{"allow":["GET"]}}],"collection":[{"href":"https:\/\/euskarakirolkide.eus\/es\/wp-json\/wp\/v2\/pages"}],"about":[{"href":"https:\/\/euskarakirolkide.eus\/es\/wp-json\/wp\/v2\/types\/page"}],"author":[{"embeddable":true,"href":"https:\/\/euskarakirolkide.eus\/es\/wp-json\/wp\/v2\/users\/2"}],"replies":[{"embeddable":true,"href":"https:\/\/euskarakirolkide.eus\/es\/wp-json\/wp\/v2\/comments?post=3906"}],"version-history":[{"count":1,"href":"https:\/\/euskarakirolkide.eus\/es\/wp-json\/wp\/v2\/pages\/3906\/revisions"}],"predecessor-version":[{"id":3908,"href":"https:\/\/euskarakirolkide.eus\/es\/wp-json\/wp\/v2\/pages\/3906\/revisions\/3908"}],"wp:attachment":[{"href":"https:\/\/euskarakirolkide.eus\/es\/wp-json\/wp\/v2\/media?parent=3906"}],"curies":[{"name":"wp","href":"https:\/\/api.w.org\/{rel}","templated":true}]}}