{"id":3900,"date":"2021-09-17T10:28:09","date_gmt":"2021-09-17T10:28:09","guid":{"rendered":"https:\/\/euskarakirolkide.eus\/vivencias-linguisticas\/"},"modified":"2024-06-14T07:59:27","modified_gmt":"2024-06-14T07:59:27","slug":"vivencias-linguisticas","status":"publish","type":"page","link":"https:\/\/euskarakirolkide.eus\/es\/vivencias-linguisticas\/","title":{"rendered":"Vivencias ling\u00fc\u00edsticas"},"content":{"rendered":"\n<figure class=\"wp-block-embed is-type-video is-provider-vimeo wp-block-embed-vimeo wp-embed-aspect-16-9 wp-has-aspect-ratio\"><div class=\"wp-block-embed__wrapper\">\n<iframe title=\"Gaztedi RT - euskara defendatzen\" src=\"https:\/\/player.vimeo.com\/video\/606547239?h=f67ef8ea06&amp;dnt=1&amp;app_id=122963\" width=\"500\" height=\"281\" frameborder=\"0\" allow=\"autoplay; fullscreen; picture-in-picture; clipboard-write\"><\/iframe>\n<\/div><\/figure>\n\n<p class=\"has-text-align-justify\" style=\"font-size:18px\">En los clubes, las <strong>vivencias <\/strong> relacionadas con el euskera tienen que ver con la <strong>historia y la identidad<\/strong>, pero tambi\u00e9n con el presente y el futuro. En muchos casos se trata de vivencias relacionadas con <strong>celebraciones festivas y colectivas<\/strong>, pero tambi\u00e9n con <strong>tensiones y desencuentros<\/strong> que surgen en la comunicaci\u00f3n entre personas en el <strong>d\u00eda a d\u00eda<\/strong>. <\/p>\n\n<div class=\"wp-block-columns is-layout-flex wp-container-core-columns-is-layout-28f84493 wp-block-columns-is-layout-flex\">\n<div class=\"wp-block-column is-layout-flow wp-block-column-is-layout-flow\">\n<iframe width=\"100%\" height=\"166\" scrolling=\"no\" frameborder=\"no\" allow=\"autoplay\" src=\"https:\/\/w.soundcloud.com\/player\/?url=https%3A\/\/api.soundcloud.com\/tracks\/1121490319%3Fsecret_token%3Ds-ivQ41wA4iCz&#038;color=%23c9c9ff&#038;auto_play=false&#038;hide_related=false&#038;show_comments=true&#038;show_user=true&#038;show_reposts=false&#038;show_teaser=true\"><\/iframe><div style=\"font-size: 10px; color: #cccccc;line-break: anywhere;word-break: normal;overflow: hidden;white-space: nowrap;text-overflow: ellipsis; font-family: Interstate,Lucida Grande,Lucida Sans Unicode,Lucida Sans,Garuda,Verdana,Tahoma,sans-serif;font-weight: 100;\"><a href=\"https:\/\/soundcloud.com\/kirolkide-webgunea\" title=\"Kirolkide Webgunea\" target=\"_blank\" style=\"color: #cccccc; text-decoration: none;\" rel=\"noopener\">Kirolkide Webgunea<\/a> \u00b7 <a href=\"https:\/\/soundcloud.com\/kirolkide-webgunea\/3-bera-bera-hizkuntza-ikasteko\/s-ivQ41wA4iCz\" title=\"Bera Bera RT - Deseo e imposibilidad de aprender euskera\" target=\"_blank\" style=\"color: #cccccc; text-decoration: none;\" rel=\"noopener\">Bera Bera RT &#8211; Deseo e imposibilidad de aprender euskera<\/a><\/div>\n<\/div>\n<\/div>\n\n<div class=\"wp-block-image\"><figure class=\"alignright size-large is-resized\"><img decoding=\"async\" src=\"https:\/\/euskarakirolkide.eus\/wp-content\/uploads\/2021\/10\/d-e7.png?w=1024\" alt=\"\" class=\"wp-image-1963\" width=\"287\" height=\"155\" srcset=\"https:\/\/euskarakirolkide.eus\/wp-content\/uploads\/2021\/10\/d-e7.png 1677w, https:\/\/euskarakirolkide.eus\/wp-content\/uploads\/2021\/10\/d-e7-300x163.png 300w, https:\/\/euskarakirolkide.eus\/wp-content\/uploads\/2021\/10\/d-e7-1024x555.png 1024w, https:\/\/euskarakirolkide.eus\/wp-content\/uploads\/2021\/10\/d-e7-768x416.png 768w, https:\/\/euskarakirolkide.eus\/wp-content\/uploads\/2021\/10\/d-e7-1536x833.png 1536w, https:\/\/euskarakirolkide.eus\/wp-content\/uploads\/2021\/10\/d-e7-1568x850.png 1568w\" sizes=\"(max-width: 287px) 100vw, 287px\" \/><\/figure><\/div>\n\n<p class=\"has-text-align-justify\" style=\"font-size:18px\">Por \u00faltimo, estas vivencias tambi\u00e9n tienen reflejo <strong>a nivel individual<\/strong>, donde aparecen sentimientos como <strong>verg\u00fcenza e incomodidad, resistencias<\/strong> y limitaciones personales, todo ello ligado al uso del euskera. <\/p>\n\n<div style=\"height:50px\" aria-hidden=\"true\" class=\"wp-block-spacer\"><\/div>\n\n<p><\/p>\n\n<p><\/p>\n\n<p><\/p>\n\n<div style=\"height:15px\" aria-hidden=\"true\" class=\"wp-block-spacer\"><\/div>\n","protected":false},"excerpt":{"rendered":"<p>En los clubes, las vivencias relacionadas con el euskera tienen que ver con la historia y la identidad, pero tambi\u00e9n con el presente y el futuro. En muchos casos se trata de vivencias relacionadas con celebraciones festivas y colectivas, pero tambi\u00e9n con tensiones y desencuentros que surgen en la comunicaci\u00f3n entre personas en el d\u00eda [&hellip;]<\/p>\n","protected":false},"author":2,"featured_media":0,"parent":0,"menu_order":0,"comment_status":"closed","ping_status":"closed","template":"","meta":{"footnotes":""},"class_list":["post-3900","page","type-page","status-publish","hentry"],"_links":{"self":[{"href":"https:\/\/euskarakirolkide.eus\/es\/wp-json\/wp\/v2\/pages\/3900","targetHints":{"allow":["GET"]}}],"collection":[{"href":"https:\/\/euskarakirolkide.eus\/es\/wp-json\/wp\/v2\/pages"}],"about":[{"href":"https:\/\/euskarakirolkide.eus\/es\/wp-json\/wp\/v2\/types\/page"}],"author":[{"embeddable":true,"href":"https:\/\/euskarakirolkide.eus\/es\/wp-json\/wp\/v2\/users\/2"}],"replies":[{"embeddable":true,"href":"https:\/\/euskarakirolkide.eus\/es\/wp-json\/wp\/v2\/comments?post=3900"}],"version-history":[{"count":1,"href":"https:\/\/euskarakirolkide.eus\/es\/wp-json\/wp\/v2\/pages\/3900\/revisions"}],"predecessor-version":[{"id":3902,"href":"https:\/\/euskarakirolkide.eus\/es\/wp-json\/wp\/v2\/pages\/3900\/revisions\/3902"}],"wp:attachment":[{"href":"https:\/\/euskarakirolkide.eus\/es\/wp-json\/wp\/v2\/media?parent=3900"}],"curies":[{"name":"wp","href":"https:\/\/api.w.org\/{rel}","templated":true}]}}