{"id":3891,"date":"2021-09-08T12:37:43","date_gmt":"2021-09-08T12:37:43","guid":{"rendered":"https:\/\/euskarakirolkide.eus\/lenguas-en-juego\/"},"modified":"2024-06-14T10:48:48","modified_gmt":"2024-06-14T10:48:48","slug":"lenguas-en-juego","status":"publish","type":"page","link":"https:\/\/euskarakirolkide.eus\/es\/lenguas-en-juego\/","title":{"rendered":"Lengua(s) en juego"},"content":{"rendered":"\n<div class=\"wp-block-columns is-layout-flex wp-container-core-columns-is-layout-28f84493 wp-block-columns-is-layout-flex\">\n<div class=\"wp-block-column is-layout-flow wp-block-column-is-layout-flow\">\n<figure class=\"wp-block-embed is-type-video is-provider-vimeo wp-block-embed-vimeo wp-embed-aspect-16-9 wp-has-aspect-ratio\"><div class=\"wp-block-embed__wrapper\">\n<iframe title=\"Gernika RT - oihua.mov\" src=\"https:\/\/player.vimeo.com\/video\/614335923?h=16a823001f&amp;dnt=1&amp;app_id=122963\" width=\"500\" height=\"281\" frameborder=\"0\" allow=\"autoplay; fullscreen; picture-in-picture; clipboard-write\"><\/iframe>\n<\/div><\/figure>\n<\/div>\n<\/div>\n\n<h1 class=\"has-text-align-center wp-block-heading\" id=\"taldetasuna-eraiki-bultzatu-eta-mantentzea-dute-helburu-klubek-asmo-hori-dago-euren-jardunaren-erdigunean-hizkuntzek-asmo-hori-zeharkatzen-dute-ekintzen-eta-harremanen-amalgaman-uztarturik\" style=\"font-size:25px\">Los clubes tienen por objetivo generar, impulsar y mantener el sentido de grupo o equipo. Este objetivo constituye la base de su actuaci\u00f3n. Y las lenguas se entrecruzan en esta misi\u00f3n, confluyendo en una amalgama de acciones y relaciones. <\/h1>\n\n<h1 class=\"has-text-align-center wp-block-heading\" id=\"eta-horretan-zein-presentzia-du-gaztelerak-eta-zein-euskarak-nola-kudeatzen-da-bata-eta-bestearen-erabilera\" style=\"font-size:25px\">Pero, \u00bfqu\u00e9 presencia tiene el castellano? \u00bfY el euskera? \u00bfC\u00f3mo se gestiona el uso de una y otra lengua? <\/h1>\n\n<div style=\"height:30px\" aria-hidden=\"true\" class=\"wp-block-spacer\"><\/div>\n\n<div class=\"wp-block-image\"><figure class=\"aligncenter size-large is-resized\"><img fetchpriority=\"high\" decoding=\"async\" src=\"https:\/\/euskarakirolkide.eus\/wp-content\/uploads\/2021\/10\/d-e1.png?w=1024\" alt=\"\" class=\"wp-image-1959\" width=\"586\" height=\"367\" srcset=\"https:\/\/euskarakirolkide.eus\/wp-content\/uploads\/2021\/10\/d-e1.png 1358w, https:\/\/euskarakirolkide.eus\/wp-content\/uploads\/2021\/10\/d-e1-300x188.png 300w, https:\/\/euskarakirolkide.eus\/wp-content\/uploads\/2021\/10\/d-e1-1024x641.png 1024w, https:\/\/euskarakirolkide.eus\/wp-content\/uploads\/2021\/10\/d-e1-768x481.png 768w\" sizes=\"(max-width: 586px) 100vw, 586px\" \/><\/figure><\/div>\n\n<div style=\"height:30px\" aria-hidden=\"true\" class=\"wp-block-spacer\"><\/div>\n\n<p class=\"has-text-align-justify\" style=\"font-size:18px\">Puede haber diferentes formas de acercarse y analizar la realidad ling\u00fc\u00edstica. En este caso se ha optado por profundizar en tres dimensiones concretas: por un lado, <strong>en las ideas y discursos sobre la lengua<\/strong>; por otro, <strong>en las pr\u00e1cticas ling\u00fc\u00edsticas<\/strong>, y, finalmente, <strong>en las vivencias<\/strong> relacionadas con las lenguas: <\/p>\n\n<div style=\"height:30px\" aria-hidden=\"true\" class=\"wp-block-spacer\"><\/div>\n\n<div class=\"wp-block-buttons is-horizontal is-content-justification-center is-layout-flex wp-container-core-buttons-is-layout-03627597 wp-block-buttons-is-layout-flex\">\n<div class=\"wp-block-button has-custom-width wp-block-button__width-50\"><a class=\"wp-block-button__link has-foreground-color has-text-color has-background\" href=\"https:\/\/euskarakirolkide.eus\/es\/ideas-y-discursos-linguisticos\/\" style=\"border-radius:5px;background-color:#c9c9ff\">Ideas y discursos ling\u00fc\u00edsticos<\/a><\/div>\n\n\n\n<div class=\"wp-block-button has-custom-width wp-block-button__width-50\"><a class=\"wp-block-button__link has-foreground-color has-text-color has-background\" href=\"https:\/\/euskarakirolkide.eus\/es\/practicas-linguisticas\/\" style=\"border-radius:5px;background-color:#c9c9ff\">Pr\u00e1cticas ling\u00fc\u00edsticas<\/a><\/div>\n\n\n\n<div class=\"wp-block-button has-custom-width wp-block-button__width-50\"><a class=\"wp-block-button__link has-foreground-color has-text-color has-background\" href=\"https:\/\/euskarakirolkide.eus\/es\/vivencias-linguisticas\/\" style=\"border-radius:5px;background-color:#c9c9ff\">Vivencias ling\u00fc\u00edsticas<\/a><\/div>\n<\/div>\n\n<div style=\"height:50px\" aria-hidden=\"true\" class=\"wp-block-spacer\"><\/div>\n","protected":false},"excerpt":{"rendered":"<p>Los clubes tienen por objetivo generar, impulsar y mantener el sentido de grupo o equipo. Este objetivo constituye la base de su actuaci\u00f3n. Y las lenguas se entrecruzan en esta misi\u00f3n, confluyendo en una amalgama de acciones y relaciones. Pero, \u00bfqu\u00e9 presencia tiene el castellano? \u00bfY el euskera? \u00bfC\u00f3mo se gestiona el uso de una [&hellip;]<\/p>\n","protected":false},"author":2,"featured_media":0,"parent":0,"menu_order":0,"comment_status":"closed","ping_status":"closed","template":"","meta":{"footnotes":""},"class_list":["post-3891","page","type-page","status-publish","hentry"],"_links":{"self":[{"href":"https:\/\/euskarakirolkide.eus\/es\/wp-json\/wp\/v2\/pages\/3891","targetHints":{"allow":["GET"]}}],"collection":[{"href":"https:\/\/euskarakirolkide.eus\/es\/wp-json\/wp\/v2\/pages"}],"about":[{"href":"https:\/\/euskarakirolkide.eus\/es\/wp-json\/wp\/v2\/types\/page"}],"author":[{"embeddable":true,"href":"https:\/\/euskarakirolkide.eus\/es\/wp-json\/wp\/v2\/users\/2"}],"replies":[{"embeddable":true,"href":"https:\/\/euskarakirolkide.eus\/es\/wp-json\/wp\/v2\/comments?post=3891"}],"version-history":[{"count":5,"href":"https:\/\/euskarakirolkide.eus\/es\/wp-json\/wp\/v2\/pages\/3891\/revisions"}],"predecessor-version":[{"id":3948,"href":"https:\/\/euskarakirolkide.eus\/es\/wp-json\/wp\/v2\/pages\/3891\/revisions\/3948"}],"wp:attachment":[{"href":"https:\/\/euskarakirolkide.eus\/es\/wp-json\/wp\/v2\/media?parent=3891"}],"curies":[{"name":"wp","href":"https:\/\/api.w.org\/{rel}","templated":true}]}}