{"id":3888,"date":"2021-09-06T12:03:22","date_gmt":"2021-09-06T12:03:22","guid":{"rendered":"https:\/\/euskarakirolkide.eus\/produccion-cultural\/"},"modified":"2024-06-14T09:23:32","modified_gmt":"2024-06-14T09:23:32","slug":"produccion-cultural","status":"publish","type":"page","link":"https:\/\/euskarakirolkide.eus\/es\/produccion-cultural\/","title":{"rendered":"Producci\u00f3n cultural"},"content":{"rendered":"\n<div class=\"wp-block-columns is-layout-flex wp-container-core-columns-is-layout-28f84493 wp-block-columns-is-layout-flex\">\n<div class=\"wp-block-column is-layout-flow wp-block-column-is-layout-flow\">\n<iframe width=\"100%\" height=\"166\" scrolling=\"no\" frameborder=\"no\" allow=\"autoplay\" src=\"https:\/\/w.soundcloud.com\/player\/?url=https%3A\/\/api.soundcloud.com\/tracks\/1118289148%3Fsecret_token%3Ds-bkye1CMsXlA&#038;color=%23c9c9ff&#038;auto_play=false&#038;hide_related=false&#038;show_comments=true&#038;show_user=true&#038;show_reposts=false&#038;show_teaser=true\"><\/iframe><div style=\"font-size: 10px; color: #cccccc;line-break: anywhere;word-break: normal;overflow: hidden;white-space: nowrap;text-overflow: ellipsis; font-family: Interstate,Lucida Grande,Lucida Sans Unicode,Lucida Sans,Garuda,Verdana,Tahoma,sans-serif;font-weight: 100;\"><a href=\"https:\/\/soundcloud.com\/kirolkide-webgunea\" title=\"Kirolkide Webgunea\" target=\"_blank\" style=\"color: #cccccc; text-decoration: none;\" rel=\"noopener\">Kirolkide Webgunea<\/a> \u00b7 <a href=\"https:\/\/soundcloud.com\/kirolkide-webgunea\/sdamorebieta-bigarrenurratsa-1\/s-bkye1CMsXlA\" title=\"SD Amorebieta - Un peque\u00f1o club que hace de todo\" target=\"_blank\" style=\"color: #cccccc; text-decoration: none;\" rel=\"noopener\">SD Amorebieta &#8211; Un peque\u00f1o club que hace de todo<\/a><\/div>\n<\/div>\n<\/div>\n\n<div class=\"wp-block-columns is-layout-flex wp-container-core-columns-is-layout-28f84493 wp-block-columns-is-layout-flex\">\n<div class=\"wp-block-column is-layout-flow wp-block-column-is-layout-flow\" style=\"flex-basis:100%\">\n<iframe width=\"100%\" height=\"166\" scrolling=\"no\" frameborder=\"no\" allow=\"autoplay\" src=\"https:\/\/w.soundcloud.com\/player\/?url=https%3A\/\/api.soundcloud.com\/tracks\/1118258131%3Fsecret_token%3Ds-wzKyb9Dm8fw&#038;color=%23c9c9ff&#038;auto_play=false&#038;hide_related=false&#038;show_comments=true&#038;show_user=true&#038;show_reposts=false&#038;show_teaser=true\"><\/iframe><div style=\"font-size: 10px; color: #cccccc;line-break: anywhere;word-break: normal;overflow: hidden;white-space: nowrap;text-overflow: ellipsis; font-family: Interstate,Lucida Grande,Lucida Sans Unicode,Lucida Sans,Garuda,Verdana,Tahoma,sans-serif;font-weight: 100;\"><a href=\"https:\/\/soundcloud.com\/kirolkide-webgunea\" title=\"Kirolkide Webgunea\" target=\"_blank\" style=\"color: #cccccc; text-decoration: none;\" rel=\"noopener\">Kirolkide Webgunea<\/a> \u00b7 <a href=\"https:\/\/soundcloud.com\/kirolkide-webgunea\/2-urratsa-behaketa-2-promocion\/s-wzKyb9Dm8fw\" title=\"Bera Bera RT - Promoci\u00f3n del balonmano en colegios\" target=\"_blank\" style=\"color: #cccccc; text-decoration: none;\" rel=\"noopener\">Bera Bera RT &#8211; Promoci\u00f3n del balonmano en colegios<\/a><\/div>\n\n\n\n<p class=\"has-drop-cap has-text-align-justify\" style=\"font-size:18px\">Situados en el espacio y en el tiempo, los clubes son reflejo de su \u00e9poca y de las caracter\u00edsticas de su \u00e1mbito. En los clubes se reflejan los atributos que definen el deporte en cada momento. Pero son m\u00e1s que espejos de la sociedad. Con el fin de mantener, gestionar, dirigir o promover el club, se dise\u00f1an y ponen en marcha <strong>diferentes procesos y herramientas<\/strong>. En este sentido, los clubes emergen como <strong>creadores <\/strong> de cultura, como agentes sociales.<\/p>\n<\/div>\n<\/div>\n\n<div class=\"wp-block-image\"><figure class=\"aligncenter size-large is-resized\"><img fetchpriority=\"high\" decoding=\"async\" src=\"https:\/\/euskarakirolkide.eus\/wp-content\/uploads\/2021\/10\/d-e2.png?w=1024\" alt=\"\" class=\"wp-image-1956\" width=\"533\" height=\"455\" srcset=\"https:\/\/euskarakirolkide.eus\/wp-content\/uploads\/2021\/10\/d-e2.png 1879w, https:\/\/euskarakirolkide.eus\/wp-content\/uploads\/2021\/10\/d-e2-300x256.png 300w, https:\/\/euskarakirolkide.eus\/wp-content\/uploads\/2021\/10\/d-e2-1024x875.png 1024w, https:\/\/euskarakirolkide.eus\/wp-content\/uploads\/2021\/10\/d-e2-768x656.png 768w, https:\/\/euskarakirolkide.eus\/wp-content\/uploads\/2021\/10\/d-e2-1536x1313.png 1536w, https:\/\/euskarakirolkide.eus\/wp-content\/uploads\/2021\/10\/d-e2-1568x1340.png 1568w\" sizes=\"(max-width: 533px) 100vw, 533px\" \/><\/figure><\/div>\n\n<div class=\"wp-block-columns is-layout-flex wp-container-core-columns-is-layout-28f84493 wp-block-columns-is-layout-flex\">\n<div class=\"wp-block-column is-layout-flow wp-block-column-is-layout-flow\" style=\"flex-basis:100%\">\n<p class=\"has-text-align-justify\" style=\"font-size:18px\">Algunos crean y desarrollan <strong>un estilo propio de juego<\/strong>. Muchos establecen un <strong>plan estrat\u00e9gico<\/strong> para guiar al club con criterios y normas de trabajo. Dise\u00f1an <strong>estrategias de acogida<\/strong> para quienes se inscriben por primera vez (ya sean del pueblo o de fuera de \u00e9l). Cuentan con <strong>protocolos sobre respeto<\/strong>, y <strong>dec\u00e1logos <\/strong> que reflejan los compromisos del club. Algunos han reservado una <strong>pared donde hacer constar sus valores<\/strong>, promoviendo que la <strong>dimensi\u00f3n educativa<\/strong> de los clubes est\u00e9 presente en el d\u00eda a d\u00eda. Algunas actitudes o comportamientos son rechazados expl\u00edcitamente. Ni\u00f1as\/os y j\u00f3venes, entrenadoras\/es y, a otro nivel, madres y padres son el blanco principal de este tipo de gestos.<\/p>\n\n\n\n<iframe width=\"100%\" height=\"166\" scrolling=\"no\" frameborder=\"no\" allow=\"autoplay\" src=\"https:\/\/w.soundcloud.com\/player\/?url=https%3A\/\/api.soundcloud.com\/tracks\/1118289163%3Fsecret_token%3Ds-UtOHARfhUFI&#038;color=%23c9c9ff&#038;auto_play=false&#038;hide_related=false&#038;show_comments=true&#038;show_user=true&#038;show_reposts=false&#038;show_teaser=true\"><\/iframe><div style=\"font-size: 10px; color: #cccccc;line-break: anywhere;word-break: normal;overflow: hidden;white-space: nowrap;text-overflow: ellipsis; font-family: Interstate,Lucida Grande,Lucida Sans Unicode,Lucida Sans,Garuda,Verdana,Tahoma,sans-serif;font-weight: 100;\"><a href=\"https:\/\/soundcloud.com\/kirolkide-webgunea\" title=\"Kirolkide Webgunea\" target=\"_blank\" style=\"color: #cccccc; text-decoration: none;\" rel=\"noopener\">Kirolkide Webgunea<\/a> \u00b7 <a href=\"https:\/\/soundcloud.com\/kirolkide-webgunea\/sdamorebieta-bigarrenurratsa-2\/s-UtOHARfhUFI\" title=\"SD Amorebieta - Criterios para dirigir el club\" target=\"_blank\" style=\"color: #cccccc; text-decoration: none;\" rel=\"noopener\">SD Amorebieta &#8211; Criterios para dirigir el club<\/a><\/div>\n<\/div>\n<\/div>\n\n<div class=\"wp-block-columns is-layout-flex wp-container-core-columns-is-layout-28f84493 wp-block-columns-is-layout-flex\">\n<div class=\"wp-block-column is-layout-flow wp-block-column-is-layout-flow\" style=\"flex-basis:100%\">\n<p class=\"has-text-align-justify\" style=\"font-size:18px\">Pero la influencia de los clubes tiene tambi\u00e9n una dimensi\u00f3n externa. Adem\u00e1s de lo que se proyecta en el campo y en la competici\u00f3n, la <strong>dimensi\u00f3n virtual<\/strong> de los clubes cobra cada vez m\u00e1s importancia porque, tambi\u00e9n all\u00ed se juega el d\u00eda a d\u00eda del club. <strong> La comunicaci\u00f3n y la imagen<\/strong> (propia) se han convertido en una preocupaci\u00f3n para las entidades deportivas. <strong>Los sitios web y las redes sociales <\/strong> son herramientas fundamentales de comunicaci\u00f3n, superando en muchas ocasiones a los medios tradicionales (prensa, etc.). A este entorno virtual se le asignan diferentes funciones: informar sobre el club, difundir resultados y noticias, comunicarse con la afici\u00f3n y los patrocinadores. Un clic, un tuit&#8230; el trabajo de difusi\u00f3n parece m\u00e1s sencillo que nunca, pero, en la pr\u00e1ctica, resulta complejo. Por ello, la mayor\u00eda de clubes reflexionan hoy sobre esta labor y su profesionalizaci\u00f3n.<\/p>\n<\/div>\n<\/div>\n\n<figure class=\"wp-block-embed is-type-video is-provider-vimeo wp-block-embed-vimeo wp-embed-aspect-16-9 wp-has-aspect-ratio\"><div class=\"wp-block-embed__wrapper\">\n<iframe title=\"Judizmendi IK - klubeko webgunea ezagutzen\" src=\"https:\/\/player.vimeo.com\/video\/611889476?h=0c6bb563f0&amp;dnt=1&amp;app_id=122963\" width=\"500\" height=\"281\" frameborder=\"0\" allow=\"autoplay; fullscreen; picture-in-picture; clipboard-write\"><\/iframe>\n<\/div><\/figure>\n\n<div class=\"wp-block-columns is-layout-flex wp-container-core-columns-is-layout-28f84493 wp-block-columns-is-layout-flex\">\n<div class=\"wp-block-column is-layout-flow wp-block-column-is-layout-flow\" style=\"flex-basis:100%\">\n<p class=\"has-text-align-justify\" style=\"font-size:18px\">El entorno virtual tambi\u00e9n ha colonizado la comunicaci\u00f3n interna. Y ah\u00ed, impera la aplicaci\u00f3n <strong>WhatsApp<\/strong>. En cada club hay infinidad de grupos de Whatsapp, y ello ha ocasionado, en parte, la ruptura del discurso unitario. Adem\u00e1s, existe la sensaci\u00f3n de que la comunicaci\u00f3n interna no se trabaja tanto como la externa, y en ese \u00e1mbito est\u00e1n surgiendo nuevas tareas y obligaciones. <\/p>\n\n\n\n<iframe width=\"100%\" height=\"166\" scrolling=\"no\" frameborder=\"no\" allow=\"autoplay\" src=\"https:\/\/w.soundcloud.com\/player\/?url=https%3A\/\/api.soundcloud.com\/tracks\/1120225294%3Fsecret_token%3Ds-RJPtQxODBuT&#038;color=%23c9c9ff&#038;auto_play=false&#038;hide_related=false&#038;show_comments=true&#038;show_user=true&#038;show_reposts=false&#038;show_teaser=true\"><\/iframe><div style=\"font-size: 10px; color: #cccccc;line-break: anywhere;word-break: normal;overflow: hidden;white-space: nowrap;text-overflow: ellipsis; font-family: Interstate,Lucida Grande,Lucida Sans Unicode,Lucida Sans,Garuda,Verdana,Tahoma,sans-serif;font-weight: 100;\"><a href=\"https:\/\/soundcloud.com\/kirolkide-webgunea\" title=\"Kirolkide Webgunea\" target=\"_blank\" style=\"color: #cccccc; text-decoration: none;\" rel=\"noopener\">Kirolkide Webgunea<\/a> \u00b7 <a href=\"https:\/\/soundcloud.com\/kirolkide-webgunea\/judizmendi-barne-komunikazioa\/s-RJPtQxODBuT\" title=\"Judizmendi IK - Funcionamiento de la comunicaci\u00f3n\" target=\"_blank\" style=\"color: #cccccc; text-decoration: none;\" rel=\"noopener\">Judizmendi IK &#8211; Funcionamiento de la comunicaci\u00f3n<\/a><\/div>\n<\/div>\n<\/div>\n\n<div style=\"height:49px\" aria-hidden=\"true\" class=\"wp-block-spacer\"><\/div>\n","protected":false},"excerpt":{"rendered":"<p>Kirolkide Webgunea \u00b7 SD Amorebieta &#8211; Un peque\u00f1o club que hace de todo Kirolkide Webgunea \u00b7 Bera Bera RT &#8211; Promoci\u00f3n del balonmano en colegios Situados en el espacio y en el tiempo, los clubes son reflejo de su \u00e9poca y de las caracter\u00edsticas de su \u00e1mbito. En los clubes se reflejan los atributos que [&hellip;]<\/p>\n","protected":false},"author":2,"featured_media":0,"parent":0,"menu_order":0,"comment_status":"closed","ping_status":"closed","template":"","meta":{"footnotes":""},"class_list":["post-3888","page","type-page","status-publish","hentry"],"_links":{"self":[{"href":"https:\/\/euskarakirolkide.eus\/es\/wp-json\/wp\/v2\/pages\/3888","targetHints":{"allow":["GET"]}}],"collection":[{"href":"https:\/\/euskarakirolkide.eus\/es\/wp-json\/wp\/v2\/pages"}],"about":[{"href":"https:\/\/euskarakirolkide.eus\/es\/wp-json\/wp\/v2\/types\/page"}],"author":[{"embeddable":true,"href":"https:\/\/euskarakirolkide.eus\/es\/wp-json\/wp\/v2\/users\/2"}],"replies":[{"embeddable":true,"href":"https:\/\/euskarakirolkide.eus\/es\/wp-json\/wp\/v2\/comments?post=3888"}],"version-history":[{"count":3,"href":"https:\/\/euskarakirolkide.eus\/es\/wp-json\/wp\/v2\/pages\/3888\/revisions"}],"predecessor-version":[{"id":3931,"href":"https:\/\/euskarakirolkide.eus\/es\/wp-json\/wp\/v2\/pages\/3888\/revisions\/3931"}],"wp:attachment":[{"href":"https:\/\/euskarakirolkide.eus\/es\/wp-json\/wp\/v2\/media?parent=3888"}],"curies":[{"name":"wp","href":"https:\/\/api.w.org\/{rel}","templated":true}]}}