{"id":3885,"date":"2021-09-06T12:03:21","date_gmt":"2021-09-06T12:03:21","guid":{"rendered":"https:\/\/euskarakirolkide.eus\/relaciones-de-reciprocidad-con-el-contexto\/"},"modified":"2024-06-14T09:18:43","modified_gmt":"2024-06-14T09:18:43","slug":"relaciones-de-reciprocidad-con-el-contexto","status":"publish","type":"page","link":"https:\/\/euskarakirolkide.eus\/es\/relaciones-de-reciprocidad-con-el-contexto\/","title":{"rendered":"Relaciones de reciprocidad con el contexto"},"content":{"rendered":"\n<div class=\"wp-block-columns is-layout-flex wp-container-core-columns-is-layout-28f84493 wp-block-columns-is-layout-flex\">\n<div class=\"wp-block-column is-layout-flow wp-block-column-is-layout-flow\"><\/div>\n<\/div>\n\n<p class=\"has-drop-cap has-text-align-justify\" style=\"font-size:18px\">Los clubes son <strong>realidades situadas<\/strong>, forman parte una ciudad, pueblo o barrio. Algunos incluso tienen un lugar reconocido a nivel internacional dentro de su disciplina, sinti\u00e9ndose parte de una cultura deportiva m\u00e1s amplia. Prueba de ello es el rugby: est\u00e9s donde est\u00e9s, el ambiente del rugby te atrapar\u00e1. <\/p>\n\n<figure class=\"wp-block-embed is-type-video is-provider-vimeo wp-block-embed-vimeo wp-embed-aspect-16-9 wp-has-aspect-ratio\"><div class=\"wp-block-embed__wrapper\">\n<iframe title=\"UDA Aretxabaleta - herriari eskertzeko moduak\" src=\"https:\/\/player.vimeo.com\/video\/599353117?h=d2b243a7ef&amp;dnt=1&amp;app_id=122963\" width=\"500\" height=\"281\" frameborder=\"0\" allow=\"autoplay; fullscreen; picture-in-picture; clipboard-write\"><\/iframe>\n<\/div><\/figure>\n\n<div class=\"wp-block-columns is-layout-flex wp-container-core-columns-is-layout-28f84493 wp-block-columns-is-layout-flex\">\n<div class=\"wp-block-column is-layout-flow wp-block-column-is-layout-flow\">\n<iframe width=\"100%\" height=\"166\" scrolling=\"no\" frameborder=\"no\" allow=\"autoplay\" src=\"https:\/\/w.soundcloud.com\/player\/?url=https%3A\/\/api.soundcloud.com\/tracks\/1118258113%3Fsecret_token%3Ds-JsXmkj0CrFd&#038;color=%23c9c9ff&#038;auto_play=false&#038;hide_related=false&#038;show_comments=true&#038;show_user=true&#038;show_reposts=false&#038;show_teaser=true\"><\/iframe><div style=\"font-size: 10px; color: #cccccc;line-break: anywhere;word-break: normal;overflow: hidden;white-space: nowrap;text-overflow: ellipsis; font-family: Interstate,Lucida Grande,Lucida Sans Unicode,Lucida Sans,Garuda,Verdana,Tahoma,sans-serif;font-weight: 100;\"><a href=\"https:\/\/soundcloud.com\/kirolkide-webgunea\" title=\"Kirolkide Webgunea\" target=\"_blank\" style=\"color: #cccccc; text-decoration: none;\" rel=\"noopener\">Kirolkide Webgunea <\/a><a href=\"https:\/\/soundcloud.com\/kirolkide-webgunea\/2-urratsa-elkarrizketa-el\/s-JsXmkj0CrFd\" title=\"Bera Bera RT - El barrio no se identifica con el equipo:\" target=\"_blank\" style=\"color: #cccccc; text-decoration: none;\" rel=\"noopener\">Bera Bera RT &#8211; El barrio no se identifica con el equipo<\/a>:<\/div>\n<\/div>\n<\/div>\n\n<p class=\"has-text-align-justify\" style=\"font-size:18px\">Estos <strong>v\u00ednculos con el entorno<\/strong> quedan recogidos en la historia, pero, a pesar de las transformaciones, tambi\u00e9n forman parte del presente. Los clubes mantienen relaciones con diversas entidades de su ciudad, pueblo o barrio; conversan sobre deporte, econom\u00eda, identidad u otras tem\u00e1ticas sociales. Esos v\u00ednculos quedan reflejados en distintos elementos: <strong>el nombre del equipo<\/strong>, <strong>el escudo<\/strong>, <strong>los colores<\/strong> del club, <strong>c\u00e1nticos, gritos o lemas<\/strong>. El contexto tiene su propio espacio dentro de estas peque\u00f1as culturas.<\/p>\n\n<figure class=\"wp-block-embed is-type-video is-provider-vimeo wp-block-embed-vimeo wp-embed-aspect-16-9 wp-has-aspect-ratio\"><div class=\"wp-block-embed__wrapper\">\n<iframe title=\"Bera Bera RT - izenaren jatorria\" src=\"https:\/\/player.vimeo.com\/video\/601164359?h=6804cf6fd8&amp;dnt=1&amp;app_id=122963\" width=\"500\" height=\"281\" frameborder=\"0\" allow=\"autoplay; fullscreen; picture-in-picture; clipboard-write\"><\/iframe>\n<\/div><\/figure>\n\n<p class=\"has-text-align-justify\" style=\"font-size:18px\">De este modo, los clubes crean un v\u00ednculo entre <strong>deporte, ocio y sociedad<\/strong>, y dicho v\u00ednculo <strong>constituye una red<\/strong> en la que toman parte personas aficionadas, instituciones, asociaciones, empresas y ciudadan\u00eda. En algunos casos, estas redes tambi\u00e9n incluyen otros clubes. Un ejemplo ser\u00eda el rito del <strong>tercer tiempo<\/strong> del rugby, o las relaciones de los clubes peque\u00f1os con los m\u00e1s grandes.<\/p>\n\n<figure class=\"wp-block-embed is-type-video is-provider-vimeo wp-block-embed-vimeo wp-embed-aspect-16-9 wp-has-aspect-ratio\"><div class=\"wp-block-embed__wrapper\">\n<iframe title=\"Gernika RT - errugbi partidu batek hiru zati ditu\" src=\"https:\/\/player.vimeo.com\/video\/601215231?h=9f3e396cb9&amp;dnt=1&amp;app_id=122963\" width=\"500\" height=\"281\" frameborder=\"0\" allow=\"autoplay; fullscreen; picture-in-picture; clipboard-write\"><\/iframe>\n<\/div><\/figure>\n\n<div class=\"wp-block-columns is-layout-flex wp-container-core-columns-is-layout-28f84493 wp-block-columns-is-layout-flex\">\n<div class=\"wp-block-column is-layout-flow wp-block-column-is-layout-flow\" style=\"flex-basis:100%\">\n<p class=\"has-text-align-justify\" style=\"font-size:18px\">Para algunos clubes <strong>trabajar por el pueblo<\/strong>, hacer pueblo es un est\u00edmulo. Los relatos hablan de ayuda mutua, compromiso con el entorno o (de nuevo) <strong>reciprocidad<\/strong>. No son pocos los clubes que se reconocen como <strong>referencia <\/strong> en su contexto pr\u00f3ximo, hecho que les genera un sentimiento de responsabilidad. Los clubes demuestran la <strong>capacidad del deporte de influir en la sociedad<\/strong>, evidenciando que es algo m\u00e1s que actividad f\u00edsica y que no s\u00f3lo est\u00e1n implicados cuerpos individuales (deportistas), sino tambi\u00e9n el cuerpo colectivo que representa la sociedad, y del que tambi\u00e9n es necesario cuidar. <\/p>\n\n\n\n<iframe width=\"100%\" height=\"166\" scrolling=\"no\" frameborder=\"no\" allow=\"autoplay\" src=\"https:\/\/w.soundcloud.com\/player\/?url=https%3A\/\/api.soundcloud.com\/tracks\/1119356575%3Fsecret_token%3Ds-acFx5VjT9Wz&#038;color=%23c9c9ff&#038;auto_play=false&#038;hide_related=false&#038;show_comments=true&#038;show_user=true&#038;show_reposts=false&#038;show_teaser=true\"><\/iframe><div style=\"font-size: 10px; color: #cccccc;line-break: anywhere;word-break: normal;overflow: hidden;white-space: nowrap;text-overflow: ellipsis; font-family: Interstate,Lucida Grande,Lucida Sans Unicode,Lucida Sans,Garuda,Verdana,Tahoma,sans-serif;font-weight: 100;\"><a href=\"https:\/\/soundcloud.com\/kirolkide-webgunea\" title=\"Kirolkide Webgunea\" target=\"_blank\" style=\"color: #cccccc; text-decoration: none;\" rel=\"noopener\">Kirolkide Webgunea<\/a> \u00b7 <a href=\"https:\/\/soundcloud.com\/kirolkide-webgunea\/1-uda-herrian-duen-inbolukrazioa\/s-acFx5VjT9Wz\" title=\"UDA Aretxabaleta - El club, impulsor del pueblo\" target=\"_blank\" style=\"color: #cccccc; text-decoration: none;\" rel=\"noopener\">El club, impulsor del pueblo:<\/a><\/div>\n<\/div>\n<\/div>\n\n<div class=\"wp-block-columns is-layout-flex wp-container-core-columns-is-layout-28f84493 wp-block-columns-is-layout-flex\">\n<div class=\"wp-block-column is-layout-flow wp-block-column-is-layout-flow\"><\/div>\n<\/div>\n\n<figure class=\"wp-block-embed is-type-video is-provider-vimeo wp-block-embed-vimeo wp-embed-aspect-16-9 wp-has-aspect-ratio\"><div class=\"wp-block-embed__wrapper\">\n<iframe title=\"Gaztedi RT - denok eman dezakegu zerbait\" src=\"https:\/\/player.vimeo.com\/video\/599356832?h=cc5938b315&amp;dnt=1&amp;app_id=122963\" width=\"500\" height=\"281\" frameborder=\"0\" allow=\"autoplay; fullscreen; picture-in-picture; clipboard-write\"><\/iframe>\n<\/div><\/figure>\n\n<div style=\"height:50px\" aria-hidden=\"true\" class=\"wp-block-spacer\"><\/div>\n","protected":false},"excerpt":{"rendered":"<p>Los clubes son realidades situadas, forman parte una ciudad, pueblo o barrio. Algunos incluso tienen un lugar reconocido a nivel internacional dentro de su disciplina, sinti\u00e9ndose parte de una cultura deportiva m\u00e1s amplia. Prueba de ello es el rugby: est\u00e9s donde est\u00e9s, el ambiente del rugby te atrapar\u00e1. Kirolkide Webgunea Bera Bera RT &#8211; El [&hellip;]<\/p>\n","protected":false},"author":2,"featured_media":0,"parent":0,"menu_order":0,"comment_status":"closed","ping_status":"closed","template":"","meta":{"footnotes":""},"class_list":["post-3885","page","type-page","status-publish","hentry"],"_links":{"self":[{"href":"https:\/\/euskarakirolkide.eus\/es\/wp-json\/wp\/v2\/pages\/3885","targetHints":{"allow":["GET"]}}],"collection":[{"href":"https:\/\/euskarakirolkide.eus\/es\/wp-json\/wp\/v2\/pages"}],"about":[{"href":"https:\/\/euskarakirolkide.eus\/es\/wp-json\/wp\/v2\/types\/page"}],"author":[{"embeddable":true,"href":"https:\/\/euskarakirolkide.eus\/es\/wp-json\/wp\/v2\/users\/2"}],"replies":[{"embeddable":true,"href":"https:\/\/euskarakirolkide.eus\/es\/wp-json\/wp\/v2\/comments?post=3885"}],"version-history":[{"count":3,"href":"https:\/\/euskarakirolkide.eus\/es\/wp-json\/wp\/v2\/pages\/3885\/revisions"}],"predecessor-version":[{"id":3929,"href":"https:\/\/euskarakirolkide.eus\/es\/wp-json\/wp\/v2\/pages\/3885\/revisions\/3929"}],"wp:attachment":[{"href":"https:\/\/euskarakirolkide.eus\/es\/wp-json\/wp\/v2\/media?parent=3885"}],"curies":[{"name":"wp","href":"https:\/\/api.w.org\/{rel}","templated":true}]}}