{"id":3882,"date":"2021-09-06T12:03:21","date_gmt":"2021-09-06T12:03:21","guid":{"rendered":"https:\/\/euskarakirolkide.eus\/deseo-de-ser-un-grupo\/"},"modified":"2024-06-14T09:17:30","modified_gmt":"2024-06-14T09:17:30","slug":"deseo-de-ser-un-grupo","status":"publish","type":"page","link":"https:\/\/euskarakirolkide.eus\/es\/deseo-de-ser-un-grupo\/","title":{"rendered":"Deseo de ser un grupo"},"content":{"rendered":"\n<div class=\"wp-block-group is-layout-flow wp-block-group-is-layout-flow\">\n<p class=\"has-drop-cap has-text-align-justify\" id=\"block-5a711ff5-53fa-4dd5-93d8-3fe98c833cb9\" style=\"font-size:18px\">Todos los clubes que han participado en el proyecto comparten ese <strong>deseo fundamental de ser un colectivo y mostrarse como tal<\/strong>. Llam\u00e9mosle grupo de amigas\/os, cuadrilla, o familia, en todo caso el foco se sit\u00faa en las personas, porque ellas han sido, son y ser\u00e1n la clave del club: sentido de grupo o equipo, muchas horas compartidas, <strong>personas con\/junto a personas<\/strong>.<\/p>\n<\/div>\n\n<div class=\"wp-block-columns is-layout-flex wp-container-core-columns-is-layout-28f84493 wp-block-columns-is-layout-flex\">\n<div class=\"wp-block-column is-layout-flow wp-block-column-is-layout-flow\" style=\"flex-basis:50%\">\n<figure class=\"wp-block-embed is-type-video is-provider-vimeo wp-block-embed-vimeo wp-embed-aspect-16-9 wp-has-aspect-ratio\"><div class=\"wp-block-embed__wrapper\">\n<iframe title=\"Judizmendi IK - kopak, zoragarriak\" src=\"https:\/\/player.vimeo.com\/video\/601138508?h=192d409aa1&amp;dnt=1&amp;app_id=122963\" width=\"500\" height=\"281\" frameborder=\"0\" allow=\"autoplay; fullscreen; picture-in-picture; clipboard-write\"><\/iframe>\n<\/div><\/figure>\n<\/div>\n\n\n\n<div class=\"wp-block-column is-layout-flow wp-block-column-is-layout-flow\" style=\"flex-basis:50%\">\n<figure class=\"wp-block-embed is-type-video is-provider-vimeo wp-block-embed-vimeo wp-embed-aspect-16-9 wp-has-aspect-ratio\"><div class=\"wp-block-embed__wrapper\">\n<iframe title=\"UDA Aretxabaleta - zorionak eta agurra\" src=\"https:\/\/player.vimeo.com\/video\/601142526?h=f290bb1c40&amp;dnt=1&amp;app_id=122963\" width=\"500\" height=\"281\" frameborder=\"0\" allow=\"autoplay; fullscreen; picture-in-picture; clipboard-write\"><\/iframe>\n<\/div><\/figure>\n<\/div>\n<\/div>\n\n<p class=\"has-text-align-justify\" id=\"block-3c921254-0eb9-4e1e-bc1f-676ef01656d9\" style=\"font-size:18px\">J\u00f3venes y personas veteranas. Madres, padres, afici\u00f3n. <strong>Personas diversas<\/strong>, en capacidades, cuerpos, vivencias, puntos de vista. Un club es tambi\u00e9n un lugar en el que confluyen diferentes formas de vivir e inquietudes. Personas que est\u00e1n aprendiendo a ser deportistas &#8211; <strong>la cantera<\/strong>-, y otras <strong>profesionales <\/strong> trabajan juntas. Quienes dirigen y gestionan el club, lo hacen en colaboraci\u00f3n con educadoras\/es y entrenadoras\/es. En la mayor\u00eda de los casos se trata de personas <strong>voluntarias<\/strong>, ya que s\u00f3lo hay una minor\u00eda <strong>asalariada<\/strong>. <\/p>\n\n<div class=\"wp-block-columns is-layout-flex wp-container-core-columns-is-layout-28f84493 wp-block-columns-is-layout-flex\">\n<div class=\"wp-block-column is-layout-flow wp-block-column-is-layout-flow\">\n<figure class=\"wp-block-embed is-type-video is-provider-vimeo wp-block-embed-vimeo wp-embed-aspect-16-9 wp-has-aspect-ratio\"><div class=\"wp-block-embed__wrapper\">\n<iframe title=\"Gaztedi RT - bihotza ez da bat\" src=\"https:\/\/player.vimeo.com\/video\/595851150?h=8a90ee54d1&amp;dnt=1&amp;app_id=122963\" width=\"500\" height=\"281\" frameborder=\"0\" allow=\"autoplay; fullscreen; picture-in-picture; clipboard-write\"><\/iframe>\n<\/div><\/figure>\n<\/div>\n\n\n\n<div class=\"wp-block-column is-layout-flow wp-block-column-is-layout-flow\">\n<figure class=\"wp-block-embed is-type-video is-provider-vimeo wp-block-embed-vimeo wp-embed-aspect-16-9 wp-has-aspect-ratio\"><div class=\"wp-block-embed__wrapper\">\n<iframe title=\"Bera Bera RT - boluntariotzatik profesionalizaziora\" src=\"https:\/\/player.vimeo.com\/video\/601144810?h=b053a39037&amp;dnt=1&amp;app_id=122963\" width=\"500\" height=\"281\" frameborder=\"0\" allow=\"autoplay; fullscreen; picture-in-picture; clipboard-write\"><\/iframe>\n<\/div><\/figure>\n<\/div>\n<\/div>\n\n<div class=\"wp-block-columns is-layout-flex wp-container-core-columns-is-layout-28f84493 wp-block-columns-is-layout-flex\">\n<div class=\"wp-block-column is-layout-flow wp-block-column-is-layout-flow\" style=\"flex-basis:100%\">\n<p class=\"has-text-align-justify\" id=\"block-14611a38-f944-4bbd-9b7d-a668a1874479\" style=\"font-size:18px\">Incluso en este contexto de diversidad, con iniciativa y determinaci\u00f3n, se crean v\u00ednculos y <strong>reciprocidades<\/strong>. Roce entre cuerpos, emociones compartidas, cuidado y protecci\u00f3n mutua, relaciones de confianza. Y todos estos elementos act\u00faan como aglutinante, dando unidad al equipo. El acto de recibir y dar, la transmisi\u00f3n, promueve v\u00ednculos contagiosos: <strong>el engarce de los diferentes eslabones se convierte en objetivo y finalidad de los clubes<\/strong>. <\/p>\n\n\n\n<iframe width=\"100%\" height=\"166\" scrolling=\"no\" frameborder=\"no\" allow=\"autoplay\" src=\"https:\/\/w.soundcloud.com\/player\/?url=https%3A\/\/api.soundcloud.com\/tracks\/1117611418%3Fsecret_token%3Ds-bETeePM6ip0&#038;color=%23c9c9ff&#038;auto_play=false&#038;hide_related=false&#038;show_comments=true&#038;show_user=true&#038;show_reposts=false&#038;show_teaser=true\"><\/iframe><div style=\"font-size: 10px; color: #cccccc;line-break: anywhere;word-break: normal;overflow: hidden;white-space: nowrap;text-overflow: ellipsis; font-family: Interstate,Lucida Grande,Lucida Sans Unicode,Lucida Sans,Garuda,Verdana,Tahoma,sans-serif;font-weight: 100;\"><a href=\"https:\/\/soundcloud.com\/kirolkide-webgunea\" title=\"Kirolkide Webgunea\" target=\"_blank\" style=\"color: #cccccc; text-decoration: none;\" rel=\"noopener\">Kirolkide Webgunea<\/a> \u00b7 <a href=\"https:\/\/soundcloud.com\/kirolkide-webgunea\/2-gaztedi-9espazioak-gauzak-sortu-harremana-hobetzeko-etengabe\/s-bETeePM6ip0\" title=\"Gaztedi RT - gauzak sortu harremana hobetzeko etengabe\" target=\"_blank\" style=\"color: #cccccc; text-decoration: none;\" rel=\"noopener\">Gaztedi RT &#8211; gauzak sortu harremana hobetzeko etengabe<\/a><\/div>\n<\/div>\n<\/div>\n\n<p class=\"has-text-align-justify\" style=\"font-size:18px\">Con el paso de los a\u00f1os, los clubes perduran en los s\u00edmbolos que re\u00fanen y reflejan la historia, elementos materiales e inmateriales: trofeos, txapelas, premios o espacios.<\/p>\n\n<div class=\"wp-block-columns is-layout-flex wp-container-core-columns-is-layout-28f84493 wp-block-columns-is-layout-flex\">\n<div class=\"wp-block-column is-layout-flow wp-block-column-is-layout-flow\">\n<figure class=\"wp-block-image size-large is-resized\"><img decoding=\"async\" src=\"https:\/\/euskarakirolkide.eus\/wp-content\/uploads\/2021\/10\/uda-aretxabaleta-argazkiak-erakusten-1-1024x768.jpg\" alt=\"\" class=\"wp-image-1775\" width=\"218\" height=\"164\" srcset=\"https:\/\/euskarakirolkide.eus\/wp-content\/uploads\/2021\/10\/uda-aretxabaleta-argazkiak-erakusten-1-1024x768.jpg 1024w, https:\/\/euskarakirolkide.eus\/wp-content\/uploads\/2021\/10\/uda-aretxabaleta-argazkiak-erakusten-1-300x225.jpg 300w, https:\/\/euskarakirolkide.eus\/wp-content\/uploads\/2021\/10\/uda-aretxabaleta-argazkiak-erakusten-1-768x576.jpg 768w, https:\/\/euskarakirolkide.eus\/wp-content\/uploads\/2021\/10\/uda-aretxabaleta-argazkiak-erakusten-1-1536x1152.jpg 1536w, https:\/\/euskarakirolkide.eus\/wp-content\/uploads\/2021\/10\/uda-aretxabaleta-argazkiak-erakusten-1-2048x1536.jpg 2048w, https:\/\/euskarakirolkide.eus\/wp-content\/uploads\/2021\/10\/uda-aretxabaleta-argazkiak-erakusten-1-1568x1176.jpg 1568w\" sizes=\"(max-width: 218px) 100vw, 218px\" \/><\/figure>\n<\/div>\n\n\n\n<div class=\"wp-block-column is-layout-flow wp-block-column-is-layout-flow\">\n<figure class=\"wp-block-image size-large is-resized\"><img decoding=\"async\" src=\"https:\/\/euskarakirolkide.eus\/wp-content\/uploads\/2021\/10\/uda-aretxabaleta-argazkiak-erakusten-2-1024x768.jpg\" alt=\"\" class=\"wp-image-1776\" width=\"218\" height=\"164\" srcset=\"https:\/\/euskarakirolkide.eus\/wp-content\/uploads\/2021\/10\/uda-aretxabaleta-argazkiak-erakusten-2-1024x768.jpg 1024w, https:\/\/euskarakirolkide.eus\/wp-content\/uploads\/2021\/10\/uda-aretxabaleta-argazkiak-erakusten-2-300x225.jpg 300w, https:\/\/euskarakirolkide.eus\/wp-content\/uploads\/2021\/10\/uda-aretxabaleta-argazkiak-erakusten-2-768x576.jpg 768w, https:\/\/euskarakirolkide.eus\/wp-content\/uploads\/2021\/10\/uda-aretxabaleta-argazkiak-erakusten-2-1536x1152.jpg 1536w, https:\/\/euskarakirolkide.eus\/wp-content\/uploads\/2021\/10\/uda-aretxabaleta-argazkiak-erakusten-2-2048x1536.jpg 2048w, https:\/\/euskarakirolkide.eus\/wp-content\/uploads\/2021\/10\/uda-aretxabaleta-argazkiak-erakusten-2-1568x1176.jpg 1568w\" sizes=\"(max-width: 218px) 100vw, 218px\" \/><\/figure>\n<\/div>\n\n\n\n<div class=\"wp-block-column is-layout-flow wp-block-column-is-layout-flow\">\n<figure class=\"wp-block-image size-large is-resized\"><img decoding=\"async\" src=\"https:\/\/euskarakirolkide.eus\/wp-content\/uploads\/2021\/10\/uda-aretxabaleta-argazkiak-erakusten-3-1024x768.jpg\" alt=\"\" class=\"wp-image-1777\" width=\"220\" height=\"166\" srcset=\"https:\/\/euskarakirolkide.eus\/wp-content\/uploads\/2021\/10\/uda-aretxabaleta-argazkiak-erakusten-3-1024x768.jpg 1024w, https:\/\/euskarakirolkide.eus\/wp-content\/uploads\/2021\/10\/uda-aretxabaleta-argazkiak-erakusten-3-300x225.jpg 300w, https:\/\/euskarakirolkide.eus\/wp-content\/uploads\/2021\/10\/uda-aretxabaleta-argazkiak-erakusten-3-768x576.jpg 768w, https:\/\/euskarakirolkide.eus\/wp-content\/uploads\/2021\/10\/uda-aretxabaleta-argazkiak-erakusten-3-1536x1152.jpg 1536w, https:\/\/euskarakirolkide.eus\/wp-content\/uploads\/2021\/10\/uda-aretxabaleta-argazkiak-erakusten-3-2048x1536.jpg 2048w, https:\/\/euskarakirolkide.eus\/wp-content\/uploads\/2021\/10\/uda-aretxabaleta-argazkiak-erakusten-3-1568x1176.jpg 1568w\" sizes=\"(max-width: 220px) 100vw, 220px\" \/><\/figure>\n<\/div>\n<\/div>\n\n<figure class=\"wp-block-embed is-type-video is-provider-vimeo wp-block-embed-vimeo wp-embed-aspect-16-9 wp-has-aspect-ratio\"><div class=\"wp-block-embed__wrapper\">\n<iframe title=\"UDA Aretxabaleta - paretak historiaren lekuko\" src=\"https:\/\/player.vimeo.com\/video\/601146580?h=f6b431b5e7&amp;dnt=1&amp;app_id=122963\" width=\"500\" height=\"281\" frameborder=\"0\" allow=\"autoplay; fullscreen; picture-in-picture; clipboard-write\"><\/iframe>\n<\/div><\/figure>\n\n<p class=\"has-text-align-justify\" id=\"block-3744161e-5734-4cd1-aa0f-69de08af978b\" style=\"font-size:18px\">De hito en hito, a trav\u00e9s de diversas transformaciones, los clubes van avanzando. As\u00ed lo dicta la propia pr\u00e1ctica deportiva: <strong>af\u00e1n de mejora, compromiso, esfuerzo, disciplina<\/strong>. Barro y arena, como s\u00edmbolo del \u201cjuego\u201d. Tal vez gracias a esta din\u00e1mica, los clubes tienden a estar m\u00e1s unidos que nunca <strong>en tiempos de crisis<\/strong>, y consiguen <strong>salir adelante<\/strong>. Aunque se trata de clubes con una larga tradici\u00f3n, su objetivo sigue siendo mejorar y lograr la estabilidad.<\/p>\n\n<figure class=\"wp-block-embed is-type-video is-provider-vimeo wp-block-embed-vimeo wp-embed-aspect-16-9 wp-has-aspect-ratio\"><div class=\"wp-block-embed__wrapper\">\n<iframe title=\"SD Amorebieta - garaipena ospatzen\" src=\"https:\/\/player.vimeo.com\/video\/601166764?h=6aa2a31941&amp;dnt=1&amp;app_id=122963\" width=\"500\" height=\"281\" frameborder=\"0\" allow=\"autoplay; fullscreen; picture-in-picture; clipboard-write\"><\/iframe>\n<\/div><\/figure>\n\n<div style=\"height:50px\" aria-hidden=\"true\" class=\"wp-block-spacer\"><\/div>\n","protected":false},"excerpt":{"rendered":"<p>Todos los clubes que han participado en el proyecto comparten ese deseo fundamental de ser un colectivo y mostrarse como tal. Llam\u00e9mosle grupo de amigas\/os, cuadrilla, o familia, en todo caso el foco se sit\u00faa en las personas, porque ellas han sido, son y ser\u00e1n la clave del club: sentido de grupo o equipo, muchas [&hellip;]<\/p>\n","protected":false},"author":2,"featured_media":0,"parent":0,"menu_order":0,"comment_status":"closed","ping_status":"closed","template":"","meta":{"footnotes":""},"class_list":["post-3882","page","type-page","status-publish","hentry"],"_links":{"self":[{"href":"https:\/\/euskarakirolkide.eus\/es\/wp-json\/wp\/v2\/pages\/3882","targetHints":{"allow":["GET"]}}],"collection":[{"href":"https:\/\/euskarakirolkide.eus\/es\/wp-json\/wp\/v2\/pages"}],"about":[{"href":"https:\/\/euskarakirolkide.eus\/es\/wp-json\/wp\/v2\/types\/page"}],"author":[{"embeddable":true,"href":"https:\/\/euskarakirolkide.eus\/es\/wp-json\/wp\/v2\/users\/2"}],"replies":[{"embeddable":true,"href":"https:\/\/euskarakirolkide.eus\/es\/wp-json\/wp\/v2\/comments?post=3882"}],"version-history":[{"count":3,"href":"https:\/\/euskarakirolkide.eus\/es\/wp-json\/wp\/v2\/pages\/3882\/revisions"}],"predecessor-version":[{"id":3927,"href":"https:\/\/euskarakirolkide.eus\/es\/wp-json\/wp\/v2\/pages\/3882\/revisions\/3927"}],"wp:attachment":[{"href":"https:\/\/euskarakirolkide.eus\/es\/wp-json\/wp\/v2\/media?parent=3882"}],"curies":[{"name":"wp","href":"https:\/\/api.w.org\/{rel}","templated":true}]}}