{"id":3879,"date":"2021-08-30T12:38:02","date_gmt":"2021-08-30T12:38:02","guid":{"rendered":"https:\/\/euskarakirolkide.eus\/clubes-pequenas-culturas\/"},"modified":"2024-06-14T10:46:51","modified_gmt":"2024-06-14T10:46:51","slug":"clubes-pequenas-culturas","status":"publish","type":"page","link":"https:\/\/euskarakirolkide.eus\/es\/clubes-pequenas-culturas\/","title":{"rendered":"Clubes, peque\u00f1as culturas"},"content":{"rendered":"\n<h2 class=\"has-text-align-center wp-block-heading\" id=\"euskara-kirolkide-egitasmoaren-helburua-izan-da-klub-bat-zer-den-eta-zertan-datzan-ulertzea-funtsezko-zeregina-dirudi-bertan-euskararen-gaineko-edozein-proposamen-egin-aurretik-hizkuntza-ezinbestean-testuinguruarekin-elkarrizketan-ulertu-behar-da\" style=\"font-size:25px\">El objetivo de <em>Euskara Kirolkide<\/em> ha sido entender qu\u00e9 es y en qu\u00e9 consiste un club. Un ejercicio considerado fundamental antes de plantear cualquier propuesta en torno al euskera. Necesariamente, la lengua ha de entenderse en di\u00e1logo con el contexto. <\/h2>\n\n<div style=\"height:15px\" aria-hidden=\"true\" class=\"wp-block-spacer\"><\/div>\n\n<figure class=\"wp-block-image size-full is-resized\"><img fetchpriority=\"high\" decoding=\"async\" src=\"https:\/\/euskarakirolkide.eus\/wp-content\/uploads\/2021\/10\/uda-aretxabaleta-elkarrizketatu-bat-hizketan.jpg\" alt=\"\" class=\"wp-image-1778\" width=\"652\" height=\"351\" srcset=\"https:\/\/euskarakirolkide.eus\/wp-content\/uploads\/2021\/10\/uda-aretxabaleta-elkarrizketatu-bat-hizketan.jpg 1025w, https:\/\/euskarakirolkide.eus\/wp-content\/uploads\/2021\/10\/uda-aretxabaleta-elkarrizketatu-bat-hizketan-300x161.jpg 300w, https:\/\/euskarakirolkide.eus\/wp-content\/uploads\/2021\/10\/uda-aretxabaleta-elkarrizketatu-bat-hizketan-768x412.jpg 768w\" sizes=\"(max-width: 652px) 100vw, 652px\" \/><\/figure>\n\n<div style=\"height:15px\" aria-hidden=\"true\" class=\"wp-block-spacer\"><\/div>\n\n<p class=\"has-drop-cap has-text-align-justify\" style=\"font-size:18px\">En este trabajo de caracterizaci\u00f3n de los clubes ha sido de gran ayuda el empleo de la noci\u00f3n de \u201c<strong>peque\u00f1a cultura<\/strong>\u201d (Small Culture) propuesta por Adrian Holliday. En palabras del autor, \u201clas peque\u00f1as culturas pueden ser cualquier agrupaci\u00f3n social, desde un barrio hasta un grupo de trabajo\u201d (1999, 247). En las peque\u00f1as culturas, el matiz o la singularidad reside en los esfuerzos del propio grupo para <strong>mantenerse unido<\/strong>. Es decir, las peque\u00f1as culturas no existen por s\u00ed mismas, <em>a priori<\/em>, o impulsadas por una gran fuerza (por ejemplo, la acci\u00f3n de un elemento abstracto, como las ideas de etnicidad o naci\u00f3n). Las peque\u00f1as culturas existen y perduran <strong>porque trabajan duro en ello<\/strong>. <\/p>\n\n<div style=\"height:15px\" aria-hidden=\"true\" class=\"wp-block-spacer\"><\/div>\n\n<figure class=\"wp-block-gallery has-nested-images columns-default is-cropped wp-block-gallery-1 is-layout-flex wp-block-gallery-is-layout-flex\">\n<figure class=\"wp-block-image size-medium\"><img decoding=\"async\" width=\"300\" height=\"161\" data-id=\"1779\" src=\"https:\/\/euskarakirolkide.eus\/wp-content\/uploads\/2021\/10\/uda-aretxabaleta-gimnasia-erritmikokoa-harrera-300x161.jpg\" alt=\"\" class=\"wp-image-1779\" srcset=\"https:\/\/euskarakirolkide.eus\/wp-content\/uploads\/2021\/10\/uda-aretxabaleta-gimnasia-erritmikokoa-harrera-300x161.jpg 300w, https:\/\/euskarakirolkide.eus\/wp-content\/uploads\/2021\/10\/uda-aretxabaleta-gimnasia-erritmikokoa-harrera-768x412.jpg 768w, https:\/\/euskarakirolkide.eus\/wp-content\/uploads\/2021\/10\/uda-aretxabaleta-gimnasia-erritmikokoa-harrera.jpg 1025w\" sizes=\"(max-width: 300px) 100vw, 300px\" \/><\/figure>\n\n\n\n<figure class=\"wp-block-image size-medium\"><img decoding=\"async\" width=\"300\" height=\"161\" data-id=\"1774\" src=\"https:\/\/euskarakirolkide.eus\/wp-content\/uploads\/2021\/10\/gaztedi-rt-talde-bat-entrenamenduan-300x161.jpg\" alt=\"\" class=\"wp-image-1774\" srcset=\"https:\/\/euskarakirolkide.eus\/wp-content\/uploads\/2021\/10\/gaztedi-rt-talde-bat-entrenamenduan-300x161.jpg 300w, https:\/\/euskarakirolkide.eus\/wp-content\/uploads\/2021\/10\/gaztedi-rt-talde-bat-entrenamenduan-768x412.jpg 768w, https:\/\/euskarakirolkide.eus\/wp-content\/uploads\/2021\/10\/gaztedi-rt-talde-bat-entrenamenduan.jpg 1025w\" sizes=\"(max-width: 300px) 100vw, 300px\" \/><\/figure>\n<\/figure>\n\n<div style=\"height:15px\" aria-hidden=\"true\" class=\"wp-block-spacer\"><\/div>\n\n<p class=\"has-text-align-justify\" style=\"font-size:18px\">Seg\u00fan Holliday, cuando quien investiga percibe un conjunto de actitudes, tendencias y pensamientos que favorecen la cohesi\u00f3n grupal, puede decirse que est\u00e1 ante una peque\u00f1a cultura: \u00abun conjunto de comportamientos y concepciones relacionados con la cohesi\u00f3n del grupo\u00bb (1999, 248). Adem\u00e1s, el <strong>dinamismo y el movimiento <\/strong> son especialmente importantes en este enfoque: \u00abuna de las caracter\u00edsticas m\u00e1s destacables de los sistemas culturales es su condici\u00f3n de entidad en movimiento y en proceso\u00bb (Beales et al. 1967, 5 in ibidem). Estas peque\u00f1as culturas existen gracias a los procesos, esfuerzos o acciones que promueve el grupo, sus miembros en conjunto, para mantenerse unidos en el tiempo y ante diferentes situaciones. <\/p>\n\n<div style=\"height:15px\" aria-hidden=\"true\" class=\"wp-block-spacer\"><\/div>\n\n<figure class=\"wp-block-image size-large is-resized is-style-default\" style=\"border-radius:0px\"><img loading=\"lazy\" decoding=\"async\" src=\"https:\/\/euskarakirolkide.eus\/wp-content\/uploads\/2021\/10\/bera-bera-rt-talde-bat-bilduta.jpg?w=1024\" alt=\"\" class=\"wp-image-1773\" width=\"625\" height=\"335\" srcset=\"https:\/\/euskarakirolkide.eus\/wp-content\/uploads\/2021\/10\/bera-bera-rt-talde-bat-bilduta.jpg 1025w, https:\/\/euskarakirolkide.eus\/wp-content\/uploads\/2021\/10\/bera-bera-rt-talde-bat-bilduta-300x161.jpg 300w, https:\/\/euskarakirolkide.eus\/wp-content\/uploads\/2021\/10\/bera-bera-rt-talde-bat-bilduta-768x412.jpg 768w\" sizes=\"(max-width: 625px) 100vw, 625px\" \/><\/figure>\n\n<div style=\"height:15px\" aria-hidden=\"true\" class=\"wp-block-spacer\"><\/div>\n\n<p class=\"has-text-align-justify\" style=\"font-size:18px\">Si algo hemos percibido durante el proceso de caracterizaci\u00f3n de cada club, ha sido precisamente eso: el deseo de mostrarse como un colectivo unido, y el trabajo orientado a mantener ese objetivo a lo largo del tiempo. La continuidad del club depende principalmente de ese empe\u00f1o, junto con la determinaci\u00f3n para afrontar los cambios o crisis sufridas en el camino. Al fin y al cabo, como dice Holliday (1999, 247), las peque\u00f1as culturas no son m\u00e1s que procesos que se hacen y se rehacen. <\/p>\n\n<p class=\"has-text-align-justify\" style=\"font-size:18px\">En la constituci\u00f3n de una peque\u00f1a cultura, el autor distingue cuatro factores o aspectos: (1) deseo de ser un grupo; (2) relaciones de reciprocidad con el entorno; (3) proceso de institucionalizaci\u00f3n; (4) creatividad y producci\u00f3n cultural propia. <\/p>\n\n<div style=\"height:15px\" aria-hidden=\"true\" class=\"wp-block-spacer\"><\/div>\n\n<figure class=\"wp-block-image size-large is-resized\"><img loading=\"lazy\" decoding=\"async\" src=\"https:\/\/euskarakirolkide.eus\/wp-content\/uploads\/2021\/12\/berde-1024x724.png\" alt=\"\" class=\"wp-image-2615\" width=\"783\" height=\"553\" srcset=\"https:\/\/euskarakirolkide.eus\/wp-content\/uploads\/2021\/12\/berde-1024x724.png 1024w, https:\/\/euskarakirolkide.eus\/wp-content\/uploads\/2021\/12\/berde-300x212.png 300w, https:\/\/euskarakirolkide.eus\/wp-content\/uploads\/2021\/12\/berde-768x543.png 768w, https:\/\/euskarakirolkide.eus\/wp-content\/uploads\/2021\/12\/berde-1536x1085.png 1536w, https:\/\/euskarakirolkide.eus\/wp-content\/uploads\/2021\/12\/berde.png 1755w\" sizes=\"(max-width: 783px) 100vw, 783px\" \/><\/figure>\n\n<div style=\"height:15px\" aria-hidden=\"true\" class=\"wp-block-spacer\"><\/div>\n\n<p class=\"has-text-align-justify has-foreground-color has-text-color\" style=\"font-size:18px\">Dichos elementos nos han facilitado un esquema b\u00e1sico, para completar la definici\u00f3n del club en base a esos cuatro apartados principales: <\/p>\n\n<div style=\"height:15px\" aria-hidden=\"true\" class=\"wp-block-spacer\"><\/div>\n\n<div class=\"wp-block-buttons is-horizontal is-content-justification-center is-layout-flex wp-container-core-buttons-is-layout-03627597 wp-block-buttons-is-layout-flex\">\n<div class=\"wp-block-button has-custom-width wp-block-button__width-50 is-style-fill\"><a class=\"wp-block-button__link has-primary-color has-text-color has-background\" href=\"https:\/\/euskarakirolkide.eus\/es\/deseo-de-ser-un-grupo\/\" style=\"border-radius:5px;background-color:#c9c9ff\">Deseo de ser un grupo<\/a><\/div>\n\n\n\n<div class=\"wp-block-button has-custom-width wp-block-button__width-50 is-style-fill\"><a class=\"wp-block-button__link has-foreground-color has-text-color has-background\" href=\"https:\/\/euskarakirolkide.eus\/es\/relaciones-de-reciprocidad-con-el-contexto\/\" style=\"border-radius:5px;background-color:#c9c9ff\">Relaciones de reciprocidad con el contexto<\/a><\/div>\n\n\n\n<div class=\"wp-block-button has-custom-width wp-block-button__width-50 is-style-fill\"><a class=\"wp-block-button__link has-foreground-color has-text-color has-background\" href=\"https:\/\/euskarakirolkide.eus\/kohesiorako-jarduna-erakundetze-prozesuak-eta-errutinak\/\" style=\"border-radius:5px;background-color:#c9c9ff\">Proceso de institucionalizaci\u00f3n<\/a><\/div>\n\n\n\n<div class=\"wp-block-button has-custom-width wp-block-button__width-50 is-style-fill\"><a class=\"wp-block-button__link has-foreground-color has-text-color has-background\" href=\"https:\/\/euskarakirolkide.eus\/es\/produccion-cultural\/\" style=\"border-radius:5px;background-color:#c9c9ff\">Producci\u00f3n cultural<\/a><\/div>\n<\/div>\n\n<div style=\"height:50px\" aria-hidden=\"true\" class=\"wp-block-spacer\"><\/div>\n","protected":false},"excerpt":{"rendered":"<p>El objetivo de Euskara Kirolkide ha sido entender qu\u00e9 es y en qu\u00e9 consiste un club. Un ejercicio considerado fundamental antes de plantear cualquier propuesta en torno al euskera. Necesariamente, la lengua ha de entenderse en di\u00e1logo con el contexto. En este trabajo de caracterizaci\u00f3n de los clubes ha sido de gran ayuda el empleo [&hellip;]<\/p>\n","protected":false},"author":2,"featured_media":0,"parent":0,"menu_order":0,"comment_status":"closed","ping_status":"closed","template":"","meta":{"footnotes":""},"class_list":["post-3879","page","type-page","status-publish","hentry"],"_links":{"self":[{"href":"https:\/\/euskarakirolkide.eus\/es\/wp-json\/wp\/v2\/pages\/3879","targetHints":{"allow":["GET"]}}],"collection":[{"href":"https:\/\/euskarakirolkide.eus\/es\/wp-json\/wp\/v2\/pages"}],"about":[{"href":"https:\/\/euskarakirolkide.eus\/es\/wp-json\/wp\/v2\/types\/page"}],"author":[{"embeddable":true,"href":"https:\/\/euskarakirolkide.eus\/es\/wp-json\/wp\/v2\/users\/2"}],"replies":[{"embeddable":true,"href":"https:\/\/euskarakirolkide.eus\/es\/wp-json\/wp\/v2\/comments?post=3879"}],"version-history":[{"count":5,"href":"https:\/\/euskarakirolkide.eus\/es\/wp-json\/wp\/v2\/pages\/3879\/revisions"}],"predecessor-version":[{"id":3946,"href":"https:\/\/euskarakirolkide.eus\/es\/wp-json\/wp\/v2\/pages\/3879\/revisions\/3946"}],"wp:attachment":[{"href":"https:\/\/euskarakirolkide.eus\/es\/wp-json\/wp\/v2\/media?parent=3879"}],"curies":[{"name":"wp","href":"https:\/\/api.w.org\/{rel}","templated":true}]}}