{"id":3863,"date":"2021-08-05T08:15:36","date_gmt":"2021-08-05T08:15:36","guid":{"rendered":"https:\/\/euskarakirolkide.eus\/3863-2\/"},"modified":"2024-06-03T10:19:21","modified_gmt":"2024-06-03T10:19:21","slug":"3863-2","status":"publish","type":"page","link":"https:\/\/euskarakirolkide.eus\/es\/","title":{"rendered":""},"content":{"rendered":"\n<p class=\"has-text-align-center has-huge-font-size\" style=\"line-height:1.3\"><strong>Este sitio web tiene por objetivo recoger y difundir los resultados de <em>un proyecto<\/em> desarrollado entre 2020 y 2022<\/strong><\/p>\n\n<div class=\"wp-block-image\"><figure class=\"aligncenter size-large is-resized\"><img fetchpriority=\"high\" decoding=\"async\" src=\"https:\/\/euskarakirolkide.eus\/wp-content\/uploads\/2021\/10\/d-e3.png?w=1024\" alt=\"\" class=\"wp-image-1813\" width=\"547\" height=\"388\" srcset=\"https:\/\/euskarakirolkide.eus\/wp-content\/uploads\/2021\/10\/d-e3.png 1665w, https:\/\/euskarakirolkide.eus\/wp-content\/uploads\/2021\/10\/d-e3-300x213.png 300w, https:\/\/euskarakirolkide.eus\/wp-content\/uploads\/2021\/10\/d-e3-1024x726.png 1024w, https:\/\/euskarakirolkide.eus\/wp-content\/uploads\/2021\/10\/d-e3-768x545.png 768w, https:\/\/euskarakirolkide.eus\/wp-content\/uploads\/2021\/10\/d-e3-1536x1089.png 1536w, https:\/\/euskarakirolkide.eus\/wp-content\/uploads\/2021\/10\/d-e3-1568x1112.png 1568w\" sizes=\"(max-width: 547px) 100vw, 547px\" \/><\/figure><\/div>\n\n<p class=\"has-text-align-center has-small-font-size\" style=\"line-height:1.5\"><br\/><em>Un grupo de antrop\u00f3logas\/os sociales y expertas\/os en socioling\u00fc\u00edstica aplicada se han adentrado en varios clubes deportivos para investigar la situaci\u00f3n del euskera. Se ha puesto el foco en las ideolog\u00edas ling\u00fc\u00edsticas, las pr\u00e1cticas y las vivencias, buscando encon-trar claves que contribuyan a que los clubes se conviertan en un entorno de confianza para j\u00f3ve-nes hablantes de euskera.<\/em><\/p>\n\n<div class=\"wp-block-columns alignfull is-layout-flex wp-container-core-columns-is-layout-28f84493 wp-block-columns-is-layout-flex\">\n<div class=\"wp-block-column is-layout-flow wp-block-column-is-layout-flow\" style=\"flex-basis:100%\">\n<div class=\"wp-block-group is-layout-flow wp-block-group-is-layout-flow\">\n<div class=\"wp-block-buttons is-content-justification-center is-layout-flex wp-container-core-buttons-is-layout-a89b3969 wp-block-buttons-is-layout-flex\"><\/div>\n<\/div>\n<\/div>\n<\/div>\n\n<div class=\"wp-block-buttons is-content-justification-center is-layout-flex wp-container-core-buttons-is-layout-a89b3969 wp-block-buttons-is-layout-flex\"><\/div>\n","protected":false},"excerpt":{"rendered":"<p>Este sitio web tiene por objetivo recoger y difundir los resultados de un proyecto desarrollado entre 2020 y 2022 Un grupo de antrop\u00f3logas\/os sociales y expertas\/os en socioling\u00fc\u00edstica aplicada se han adentrado en varios clubes deportivos para investigar la situaci\u00f3n del euskera. Se ha puesto el foco en las ideolog\u00edas ling\u00fc\u00edsticas, las pr\u00e1cticas y las [&hellip;]<\/p>\n","protected":false},"author":2,"featured_media":0,"parent":0,"menu_order":1,"comment_status":"closed","ping_status":"closed","template":"","meta":{"footnotes":""},"class_list":["post-3863","page","type-page","status-publish","hentry"],"_links":{"self":[{"href":"https:\/\/euskarakirolkide.eus\/es\/wp-json\/wp\/v2\/pages\/3863","targetHints":{"allow":["GET"]}}],"collection":[{"href":"https:\/\/euskarakirolkide.eus\/es\/wp-json\/wp\/v2\/pages"}],"about":[{"href":"https:\/\/euskarakirolkide.eus\/es\/wp-json\/wp\/v2\/types\/page"}],"author":[{"embeddable":true,"href":"https:\/\/euskarakirolkide.eus\/es\/wp-json\/wp\/v2\/users\/2"}],"replies":[{"embeddable":true,"href":"https:\/\/euskarakirolkide.eus\/es\/wp-json\/wp\/v2\/comments?post=3863"}],"version-history":[{"count":3,"href":"https:\/\/euskarakirolkide.eus\/es\/wp-json\/wp\/v2\/pages\/3863\/revisions"}],"predecessor-version":[{"id":3867,"href":"https:\/\/euskarakirolkide.eus\/es\/wp-json\/wp\/v2\/pages\/3863\/revisions\/3867"}],"wp:attachment":[{"href":"https:\/\/euskarakirolkide.eus\/es\/wp-json\/wp\/v2\/media?parent=3863"}],"curies":[{"name":"wp","href":"https:\/\/api.w.org\/{rel}","templated":true}]}}