{"id":4004,"date":"2021-12-11T09:31:43","date_gmt":"2021-12-11T09:31:43","guid":{"rendered":"https:\/\/euskarakirolkide.eus\/research-group\/"},"modified":"2024-06-21T08:54:25","modified_gmt":"2024-06-21T08:54:25","slug":"research-group","status":"publish","type":"page","link":"https:\/\/euskarakirolkide.eus\/en\/research-group\/","title":{"rendered":"Research group"},"content":{"rendered":"\n<div class=\"wp-block-media-text alignwide is-stacked-on-mobile\" style=\"grid-template-columns:47% auto\"><figure class=\"wp-block-media-text__media\"><img fetchpriority=\"high\" decoding=\"async\" width=\"1024\" height=\"851\" src=\"https:\/\/euskarakirolkide.eus\/wp-content\/uploads\/2021\/12\/Ikerketa-taldea-1024x851.jpeg\" alt=\"\" class=\"wp-image-2438 size-full\" srcset=\"https:\/\/euskarakirolkide.eus\/wp-content\/uploads\/2021\/12\/Ikerketa-taldea-1024x851.jpeg 1024w, https:\/\/euskarakirolkide.eus\/wp-content\/uploads\/2021\/12\/Ikerketa-taldea-300x249.jpeg 300w, https:\/\/euskarakirolkide.eus\/wp-content\/uploads\/2021\/12\/Ikerketa-taldea-768x638.jpeg 768w, https:\/\/euskarakirolkide.eus\/wp-content\/uploads\/2021\/12\/Ikerketa-taldea-1536x1276.jpeg 1536w, https:\/\/euskarakirolkide.eus\/wp-content\/uploads\/2021\/12\/Ikerketa-taldea.jpeg 1871w\" sizes=\"(max-width: 1024px) 100vw, 1024px\" \/><\/figure><div class=\"wp-block-media-text__content\">\n<p class=\"has-text-align-right has-link-color wp-elements-508d46bd8f8e980212570641def74e58\" style=\"font-size:16px;line-height:2.6\"><strong>Jone M. Hern\u00e1ndez Garc\u00eda<\/strong> (director). EHU-AFIT<br\/><strong>Jaime Altuna Ramirez<\/strong> (co-director).<br\/><strong>Maialen I\u00f1arra Arregi<\/strong>. Soziolinguistika Klusterra.<br\/><strong>Lucia Moreno Ortega<\/strong>. Anthropologist.<br\/><strong>Josu Ozaita Azpiroz<\/strong>. Anthropologist.<br\/><strong>Uxue Ruiz Romo<\/strong>. Anthropologist.<br\/><strong>Edurne Urrestarazu Garc\u00eda<\/strong>. Anthropologist.<br\/><strong>Esti\u00f1e Astorkia Kortabitarte<\/strong>. <a rel=\"noreferrer noopener\" href=\"https:\/\/artez.eus\/\" target=\"_blank\">Artez Euskara Zerbitzua<\/a>.<br\/><strong>Aritz Olagoi Olazabal<\/strong>. <a href=\"https:\/\/www.kirolean.eus\/\">Kirolean Euskaraz<\/a>.<\/p>\n<\/div><\/div>\n\n<div style=\"height:15px\" aria-hidden=\"true\" class=\"wp-block-spacer\"><\/div>\n\n<div style=\"height:50px\" aria-hidden=\"true\" class=\"wp-block-spacer\"><\/div>\n","protected":false},"excerpt":{"rendered":"<p>Jone M. Hern\u00e1ndez Garc\u00eda (director). EHU-AFITJaime Altuna Ramirez (co-director).Maialen I\u00f1arra Arregi. Soziolinguistika Klusterra.Lucia Moreno Ortega. Anthropologist.Josu Ozaita Azpiroz. Anthropologist.Uxue Ruiz Romo. Anthropologist.Edurne Urrestarazu Garc\u00eda. Anthropologist.Esti\u00f1e Astorkia Kortabitarte. Artez Euskara Zerbitzua.Aritz Olagoi Olazabal. Kirolean Euskaraz.<\/p>\n","protected":false},"author":2,"featured_media":0,"parent":0,"menu_order":0,"comment_status":"closed","ping_status":"closed","template":"","meta":{"footnotes":""},"class_list":["post-4004","page","type-page","status-publish","hentry"],"_links":{"self":[{"href":"https:\/\/euskarakirolkide.eus\/en\/wp-json\/wp\/v2\/pages\/4004","targetHints":{"allow":["GET"]}}],"collection":[{"href":"https:\/\/euskarakirolkide.eus\/en\/wp-json\/wp\/v2\/pages"}],"about":[{"href":"https:\/\/euskarakirolkide.eus\/en\/wp-json\/wp\/v2\/types\/page"}],"author":[{"embeddable":true,"href":"https:\/\/euskarakirolkide.eus\/en\/wp-json\/wp\/v2\/users\/2"}],"replies":[{"embeddable":true,"href":"https:\/\/euskarakirolkide.eus\/en\/wp-json\/wp\/v2\/comments?post=4004"}],"version-history":[{"count":1,"href":"https:\/\/euskarakirolkide.eus\/en\/wp-json\/wp\/v2\/pages\/4004\/revisions"}],"predecessor-version":[{"id":4006,"href":"https:\/\/euskarakirolkide.eus\/en\/wp-json\/wp\/v2\/pages\/4004\/revisions\/4006"}],"wp:attachment":[{"href":"https:\/\/euskarakirolkide.eus\/en\/wp-json\/wp\/v2\/media?parent=4004"}],"curies":[{"name":"wp","href":"https:\/\/api.w.org\/{rel}","templated":true}]}}