{"id":4001,"date":"2021-08-25T17:09:42","date_gmt":"2021-08-25T17:09:42","guid":{"rendered":"https:\/\/euskarakirolkide.eus\/bibliography\/"},"modified":"2024-06-21T08:52:36","modified_gmt":"2024-06-21T08:52:36","slug":"bibliography","status":"publish","type":"page","link":"https:\/\/euskarakirolkide.eus\/en\/bibliography\/","title":{"rendered":"Bibliography"},"content":{"rendered":"\n<ul class=\"wp-block-list\" style=\"font-size:18px\"><li>Brown, Nicole. 2019. \u201cIdentity boxes: using materials and metaphors to elicit experiences\u201d. <em>International Journal of Social Research Methodology, <\/em>22 (5): 487-501.<\/li><\/ul>\n\n<ul class=\"wp-block-list\" style=\"font-size:18px\"><li>Bucholtz, Mary; Casillas, Dolores In\u00e9s; Lee, Jin Sook. 2016. 2016. \u201cBeyond Empowerment: Accompaniment and Sociolinguistic Justice in a Youth Research Program\u201d in R. Lawson; D. Sayers (eds.) <em>Sociolinguistic Research. Application and impact. <\/em>London and New York: Routledge: 25-42.<\/li><\/ul>\n\n<ul class=\"wp-block-list\" style=\"font-size:18px\"><li>Clark-Parson, Rosemary. 2018. 2018. \u201cBuilding a digital Girl Army: The cultivation of feminist safe spaces. online\u201d. <em>New Media &amp; Society<\/em>, Vol. 20 (6): 2125\u20132144.<\/li><\/ul>\n\n<ul class=\"wp-block-list\" style=\"font-size:18px\"><li>Duranti, Alessandro. 2000.  <em>2000. Antropolog\u00eda Ling\u00fc\u00edstica. <\/em>Madrid: Cambrige University Press.<\/li><\/ul>\n\n<ul class=\"has-primary-color has-text-color has-link-color wp-block-list wp-elements-aedb6663b13ae97508b107e33386b811\" style=\"font-size:18px\"><li>Estalella, Adolfo. 2020. 2020. \u2018Una antropolog\u00eda de los sentidos\u2019. Available at: <a rel=\"noreferrer noopener\" href=\"http:\/\/estalella.eu\/open-doc\/sentidos\" target=\"_blank\">http:\/\/estalella.eu\/open-doc\/sentidos<\/a><\/li><\/ul>\n\n<ul class=\"wp-block-list\" style=\"font-size:18px\"><li>Gibson-Graham, J. K. 2008. \u201cDiverse economies: Performative practices for \u2018other worlds\u2019\u201d. <em>Progress in Human Geography<\/em>, 32 (5): 613\u2013632.<\/li><\/ul>\n\n<ul class=\"wp-block-list\" style=\"font-size:18px\"><li>Guill\u00f3 Arakistain, Miren. 2020. 2020. \u201cHilerokoaren politika eta kultura alternatiboen etnografia bat: genero-konfigurazioak, gorputz-ahalduntzea eta ezagutza kolektiboak\u201d. Doctoral Thesis University of the Basque Country \/ Euskal Herriko Unibertsitatea.<\/li><\/ul>\n\n<ul class=\"wp-block-list\" style=\"font-size:18px\"><li>Holliday, Adrian. 1999. 1999. \u201cSmall Cultures\u201d. <em>Applied Linguistics<\/em> 20 (2): 237-264. <\/li><\/ul>\n\n<ul class=\"wp-block-list\" style=\"font-size:18px\"><li>Huizinga, Johan. 2008. 2008. Homo Ludens. <em>El juego y la cultura<\/em>. Madrid: Fondo de cultura econ\u00f3mica de Espa\u00f1a. <\/li><\/ul>\n\n<ul class=\"wp-block-list\" style=\"font-size:18px\"><li>Hunter, Mary Ann. 2008. 2008. \u201cCultivating the art of safe space\u201d. <em>Research in Drama Education,<\/em> Vol. 13 (1): 5-21.<\/li><\/ul>\n\n<ul class=\"wp-block-list\" style=\"font-size:18px\"><li>Ingold, Tim. 2010. 2010. \u201cFootprints through the weather-world: walking, breathing, knowing\u201d. <em>Journal of the Royal Anthropological Institute,<\/em> (N.S.): 121-139.<\/li><\/ul>\n\n<ul class=\"wp-block-list\" style=\"font-size:18px\"><li>Pink, Sarah; Horst, Heather; Postill, John; Hjorth, Larissa; Lewis, Tania; Tacchi, Jo. 2019.  <em>2019. Etnograf\u00eda digital. Principios y pr\u00e1ctica. <\/em>Madrid: Ediciones Morata.<\/li><\/ul>\n\n<ul class=\"wp-block-list\" style=\"font-size:18px\"><li>Pink, Sarah; Leder Mackley, Kerstin. 2014. 2014. \u201cReenactment Methodologies for Everyday Life Research: Art Therapy Insights for Video Ethnography\u201d. <em>Visual Studies, <\/em>29 (2):146-154. <\/li><\/ul>\n\n<ul class=\"has-link-color wp-block-list wp-elements-c50a7f7901f4af88beb9ecab872f3ea0\" style=\"font-size:18px\"><li>Pink, Sarah; Leder Mackley, Kerstin. 2012. 2012. \u201cVideo and a Sense of the Invisible: Approaching Domestic Energy Consumption Through the Sensory Home\u201d. <em>Sociological Research Online<\/em>, 17 (1) 3. Available at: <a rel=\"noreferrer noopener\" href=\"https:\/\/www.socresonline.org.uk\/17\/1\/3.html\" target=\"_blank\">https:\/\/www.socresonline.org.uk\/17\/1\/3.html<\/a> <\/li><\/ul>\n\n<div style=\"height:50px\" aria-hidden=\"true\" class=\"wp-block-spacer\"><\/div>\n\n<p><\/p>\n","protected":false},"excerpt":{"rendered":"<p>Brown, Nicole. 2019. \u201cIdentity boxes: using materials and metaphors to elicit experiences\u201d. International Journal of Social Research Methodology, 22 (5): 487-501. Bucholtz, Mary; Casillas, Dolores In\u00e9s; Lee, Jin Sook. 2016. 2016. \u201cBeyond Empowerment: Accompaniment and Sociolinguistic Justice in a Youth Research Program\u201d in R. Lawson; D. Sayers (eds.) Sociolinguistic Research. Application and impact. London and [&hellip;]<\/p>\n","protected":false},"author":2,"featured_media":0,"parent":0,"menu_order":0,"comment_status":"closed","ping_status":"closed","template":"","meta":{"footnotes":""},"class_list":["post-4001","page","type-page","status-publish","hentry"],"_links":{"self":[{"href":"https:\/\/euskarakirolkide.eus\/en\/wp-json\/wp\/v2\/pages\/4001","targetHints":{"allow":["GET"]}}],"collection":[{"href":"https:\/\/euskarakirolkide.eus\/en\/wp-json\/wp\/v2\/pages"}],"about":[{"href":"https:\/\/euskarakirolkide.eus\/en\/wp-json\/wp\/v2\/types\/page"}],"author":[{"embeddable":true,"href":"https:\/\/euskarakirolkide.eus\/en\/wp-json\/wp\/v2\/users\/2"}],"replies":[{"embeddable":true,"href":"https:\/\/euskarakirolkide.eus\/en\/wp-json\/wp\/v2\/comments?post=4001"}],"version-history":[{"count":1,"href":"https:\/\/euskarakirolkide.eus\/en\/wp-json\/wp\/v2\/pages\/4001\/revisions"}],"predecessor-version":[{"id":4003,"href":"https:\/\/euskarakirolkide.eus\/en\/wp-json\/wp\/v2\/pages\/4001\/revisions\/4003"}],"wp:attachment":[{"href":"https:\/\/euskarakirolkide.eus\/en\/wp-json\/wp\/v2\/media?parent=4001"}],"curies":[{"name":"wp","href":"https:\/\/api.w.org\/{rel}","templated":true}]}}